{"id":344,"date":"2015-12-16T09:38:17","date_gmt":"2015-12-16T09:38:17","guid":{"rendered":"http:\/\/themewisdom.com\/demo\/wpm\/museum\/?page_id=203"},"modified":"2024-02-13T17:36:08","modified_gmt":"2024-02-13T14:36:08","slug":"history-2","status":"publish","type":"page","link":"https:\/\/taskinmuzesi.dsi.gov.tr\/index.php\/history-2\/","title":{"rendered":"TANITIM"},"content":{"rendered":"<p>[vc_row][vc_column][vc_column_text]<\/p>\r\n<figure class=\"wp-block-image size-full\"><img loading=\"lazy\" decoding=\"async\" width=\"1918\" height=\"775\" class=\"wp-image-551\" src=\"https:\/\/taskinmuzesi.dsi.gov.tr\/wp-content\/uploads\/2020\/04\/Giris03.jpg\" alt=\"\" srcset=\"https:\/\/taskinmuzesi.dsi.gov.tr\/wp-content\/uploads\/2020\/04\/Giris03.jpg 1918w, https:\/\/taskinmuzesi.dsi.gov.tr\/wp-content\/uploads\/2020\/04\/Giris03-300x121.jpg 300w, https:\/\/taskinmuzesi.dsi.gov.tr\/wp-content\/uploads\/2020\/04\/Giris03-1024x414.jpg 1024w, https:\/\/taskinmuzesi.dsi.gov.tr\/wp-content\/uploads\/2020\/04\/Giris03-768x310.jpg 768w, https:\/\/taskinmuzesi.dsi.gov.tr\/wp-content\/uploads\/2020\/04\/Giris03-1536x621.jpg 1536w\" sizes=\"(max-width: 1918px) 100vw, 1918px\" \/><\/figure>\r\n\r\n<p>&nbsp;<\/p>\r\n\r\n<h2 class=\"wp-block-heading\">\u0130lk \u0130nteraktif Ta\u015fk\u0131n M\u00fczesi<\/h2>\r\n\r\n<p>&nbsp;<\/p>\r\n\r\n<p class=\"has-medium-font-size\"><strong>D<\/strong>\u00fcnyada ta\u015fk\u0131n m\u00fczesi ad\u0131 alt\u0131nda daha \u00f6nce 3 adet m\u00fcze hayata ge\u00e7irilmi\u015f olmakla birlikte, bu m\u00fczeler sadece birer ta\u015fk\u0131n olay\u0131na hitap eden an\u0131 m\u00fczeleridir.<\/p>\r\n\r\n<p>&nbsp;<\/p>\r\n\r\n<p class=\"has-medium-font-size\"><strong>\u00dc<\/strong>lkemizde hayata ge\u00e7irilen m\u00fcze ise d\u00fcnyadaki ilk \u0130nteraktif Ta\u015fk\u0131n M\u00fczesi olup ta\u015fk\u0131nla ilgili k\u0131sacas\u0131 &#8220;her\u015feyi&#8221; \u0131slanarak \u00f6\u011freneceksiniz.<\/p>\r\n\r\n<p>&nbsp;<\/p>\r\n\r\n<p><!--more--><\/p>\r\n\r\n<p>&nbsp;<\/p>\r\n\r\n<p class=\"has-medium-font-size\"><strong>T<\/strong>a\u015fk\u0131nlar, gerek b\u00f6lgemizde, gerek \u00fclkemizde, gerekse d\u00fcnyada b\u00fcy\u00fck can ve mal kay\u0131plar\u0131 meydana getiren afetlerin ba\u015f\u0131nda gelmektedir. Ekonomimize maliyeti milyon liralarla ifade edilen bu afetlerin sebeplerine bak\u0131ld\u0131\u011f\u0131nda ise \u201c\u0130nsan m\u00fcdahalesi\u201d\u00a0 ilk s\u0131rada yer almaktad\u0131r. Ta\u015fk\u0131n M\u00fczesi fikri de \u00f6zellikle \u201cTa\u015fk\u0131na sebep olmamak\u201d ve \u201cTa\u015fk\u0131n an\u0131nda davran\u0131\u015f\u201d konular\u0131nda kamuoyu bilincinin art\u0131r\u0131lmas\u0131 ilkesi ile do\u011fmu\u015ftur. Fikrin projeye d\u00f6n\u00fc\u015ft\u00fcr\u00fclerek ortaya at\u0131lmas\u0131n\u0131n akabinde, kamuoyundan b\u00fcy\u00fck destek g\u00f6rm\u00fc\u015f ve m\u00fczenin kurulma s\u00fcreci b\u00f6ylelikle ba\u015flam\u0131\u015ft\u0131r.<br \/>2019 y\u0131l\u0131nda in\u015fa s\u00fcreci resmen ba\u015flayan ve 2020 y\u0131l\u0131nda 600 m2 alana kurulan m\u00fczemizde aktivasyon alanlar\u0131n\u0131n yan\u0131 s\u0131ra; tarihten g\u00fcn\u00fcm\u00fcze ta\u015fk\u0131n olaylar\u0131n\u0131n foto\u011fraf ve videolar\u0131 ile g\u00f6sterimi, ta\u015fk\u0131n tetikleyici heyelanlar, klasik ve yenilik\u00e7i ta\u015fk\u0131n ve r\u00fcsubat kontrol tipleri, interaktif nehir ve \u015fehir ta\u015fk\u0131n maketleri, hidrolik modeller, sanal ger\u00e7eklik odas\u0131, Trabzon\u2019un Of \u0130l\u00e7esinde 1929 y\u0131l\u0131nda ya\u015fanan ta\u015fk\u0131n afetinin maketi, deneysel setler, ta\u015fk\u0131n erken uyar\u0131 sistemi, evinizin ta\u015fk\u0131n riski ta\u015f\u0131y\u0131p ta\u015f\u0131mad\u0131\u011f\u0131n\u0131 g\u00f6steren dijital harita, afet m\u00fcdahale odas\u0131 vb. pek \u00e7ok b\u00f6l\u00fcm bulunmaktad\u0131r.<br \/>Bunun yan\u0131 s\u0131ra m\u00fczemizde \u00f6zellikle bireysel ve toplumsal olarak ta\u015fk\u0131n an\u0131nda nas\u0131l davran\u0131lmas\u0131 gerekti\u011fi, ta\u015fk\u0131na sebebiyet vermemenin ilkeleri \u00fczerine e\u011fitici b\u00f6l\u00fcmleri ziyaret edeceksiniz. Siz de\u011ferli ziyaret\u00e7ilerimize faydal\u0131 olaca\u011f\u0131n\u0131 d\u00fc\u015f\u00fcnd\u00fc\u011f\u00fcm\u00fcz ayr\u0131ca ve kal\u0131c\u0131 bir ta\u015fk\u0131n bilinci olu\u015fturacak olan bir\u00e7ok objeyi de, yine bu m\u00fczede sergilemekteyiz. M\u00fczenin yap\u0131m\u0131na katk\u0131 sunan t\u00fcm \u00e7al\u0131\u015fma ekibime, emeklerinden ve gayretlerinden \u00f6t\u00fcr\u00fc te\u015fekk\u00fcr ederim. M\u00fcze gezisi ile bilin\u00e7lenmi\u015f bir birey olarak, ta\u015fk\u0131n zararlar\u0131n\u0131n azalt\u0131lmas\u0131na katk\u0131 sunaca\u011f\u0131n\u0131z\u0131 umut ediyor, afetsiz g\u00fcnler diliyoruz.<\/p>\r\n\r\n<p>&nbsp;<\/p>\r\n\r\n<p>&nbsp;<\/p>\r\n\r\n<p>[\/vc_column_text][\/vc_column][\/vc_row][vc_row][vc_column]\t\t<section class=\"sec-100px testimonial\">\r\n\r\n\t\t\t<div class=\"container\">\r\n\r\n\t\t\t\t<div class=\"qou\"> <i class=\"fa fa-quote-right\"><\/i> <\/div>\r\n\t\t\r\n\t\t\t\t<div class=\"testi\">\r\n\t\t\t\t\t<p> Bu deneyimi sizinle payla\u015fmak i\u00e7in sab\u0131rs\u0131zlan\u0131yoruz.<\/p>\n<p>L\u00fcften <b>Ziyaret Plan\u0131<\/b> men\u00fcs\u00fcnden bize ula\u015f\u0131n\u0131z. Toplu ziraretleriniz i\u00e7in <b>Randevu<\/b> almay\u0131 unutmay\u0131n\u0131z..!<\/p>\n\t\t\t\t<\/div>\r\n\r\n\t\t\t<\/div>\r\n\r\n\t\t<\/section>\r\n\t\t[\/vc_column][\/vc_row]<\/p>","protected":false},"excerpt":{"rendered":"<p>[vc_row][vc_column][vc_column_text] &nbsp; \u0130lk \u0130nteraktif Ta\u015fk\u0131n M\u00fczesi &nbsp; D\u00fcnyada ta\u015fk\u0131n m\u00fczesi ad\u0131 alt\u0131nda daha \u00f6nce 3 adet m\u00fcze hayata ge\u00e7irilmi\u015f olmakla birlikte, bu m\u00fczeler sadece birer ta\u015fk\u0131n olay\u0131na hitap eden an\u0131 m\u00fczeleridir. &nbsp; \u00dclkemizde hayata ge\u00e7irilen m\u00fcze ise d\u00fcnyadaki ilk \u0130nteraktif Ta\u015fk\u0131n M\u00fczesi olup ta\u015fk\u0131nla ilgili k\u0131sacas\u0131 &#8220;her\u015feyi&#8221; \u0131slanarak \u00f6\u011freneceksiniz. &nbsp;<\/p>\n","protected":false},"author":1,"featured_media":0,"parent":0,"menu_order":0,"comment_status":"closed","ping_status":"closed","template":"","meta":{"footnotes":""},"_links":{"self":[{"href":"https:\/\/taskinmuzesi.dsi.gov.tr\/index.php\/wp-json\/wp\/v2\/pages\/344"}],"collection":[{"href":"https:\/\/taskinmuzesi.dsi.gov.tr\/index.php\/wp-json\/wp\/v2\/pages"}],"about":[{"href":"https:\/\/taskinmuzesi.dsi.gov.tr\/index.php\/wp-json\/wp\/v2\/types\/page"}],"author":[{"embeddable":true,"href":"https:\/\/taskinmuzesi.dsi.gov.tr\/index.php\/wp-json\/wp\/v2\/users\/1"}],"replies":[{"embeddable":true,"href":"https:\/\/taskinmuzesi.dsi.gov.tr\/index.php\/wp-json\/wp\/v2\/comments?post=344"}],"version-history":[{"count":19,"href":"https:\/\/taskinmuzesi.dsi.gov.tr\/index.php\/wp-json\/wp\/v2\/pages\/344\/revisions"}],"predecessor-version":[{"id":1138,"href":"https:\/\/taskinmuzesi.dsi.gov.tr\/index.php\/wp-json\/wp\/v2\/pages\/344\/revisions\/1138"}],"wp:attachment":[{"href":"https:\/\/taskinmuzesi.dsi.gov.tr\/index.php\/wp-json\/wp\/v2\/media?parent=344"}],"curies":[{"name":"wp","href":"https:\/\/api.w.org\/{rel}","templated":true}]}}