{"id":345,"date":"2015-12-16T09:40:07","date_gmt":"2015-12-16T09:40:07","guid":{"rendered":"http:\/\/themewisdom.com\/demo\/wpm\/museum\/?page_id=206"},"modified":"2015-12-16T09:40:07","modified_gmt":"2015-12-16T09:40:07","slug":"gallery-2","status":"publish","type":"page","link":"https:\/\/taskinmuzesi.dsi.gov.tr\/index.php\/gallery-2\/","title":{"rendered":"D\u0130KKAT TA\u015eKIN VAR !!! (+12)"},"content":{"rendered":"<p>[vc_row][vc_column]\r\n\t<section class=\"sec-100px gallery\">\r\n\r\n\t\t<div class=\"container\"> \r\n\t\t\t\t\t\t\t<ul class=\"row\">\r\n\t\t\t\t\t\t\t\t\t\t\t<li class=\"col-sm-4\">\r\n\t\t\t\t\t\t\t<div class=\"inn-sec\">\r\n\r\n\t\t\t\t\t\t\t\t<a href=\"https:\/\/taskinmuzesi.dsi.gov.tr\/index.php\/gallery-tags\/fotograflar\/\" rel=\"tag\">FOTO\u011eRAFLAR<\/a>\r\n\t\t\t\t\t\t\t\t<div class=\"hover-info\">\r\n\t\t\t\t\t\t\t\t\t<div class=\"position-center-center\">\r\n\t\t\t\t\t\t\t\t\t\t<a href=\"https:\/\/taskinmuzesi.dsi.gov.tr\/wp-content\/uploads\/2020\/05\/Taskin_genel20-scaled.jpg\" data-rel=\"prettyPhoto\" class=\"prettyPhoto lightzoom zoom\">\r\n\t\t\t\t\t\t\t\t\t\t\t<i class=\"fa fa-image\"><\/i>\r\n\t\t\t\t\t\t\t\t\t\t<\/a>\r\n\t\t\t\t\t\t\t\t\t<\/div>\r\n\t\t\t\t\t\t\t\t<\/div>\r\n\t\t\t\t\t\t\t\t<img loading=\"lazy\" decoding=\"async\" width=\"360\" height=\"278\" src=\"https:\/\/taskinmuzesi.dsi.gov.tr\/wp-content\/uploads\/2020\/05\/Taskin_genel20-360x278.jpg\" class=\"attachment-museumwp-360-278 size-museumwp-360-278 wp-post-image\" alt=\"\" \/>\t\t\t\t\t\t\t\t<div class=\"detail\">\r\n\t\t\t\t\t\t\t\t\t<a href=\"https:\/\/taskinmuzesi.dsi.gov.tr\/index.php\/gallery-item\/taskin\/\" title=\"TA\u015eKIN T\u00dcRK\u0130YE GENEL\u0130\">\r\n\t\t\t\t\t\t\t\t\t\tTA\u015eKIN T\u00dcRK\u0130YE GENEL\u0130\t\t\t\t\t\t\t\t\t<\/a>\r\n\t\t\t\t\t\t\t\t\t<p><span>Konum: <\/span>T\u00fcrkiye, Genel<\/p>\r\n\t\t\t\t\t\t\t\t<\/div>\r\n\t\t\t\t\t\t\t<\/div>\r\n\t\t\t\t\t\t<\/li>\r\n\t\t\t\t\t\t\t\t\t\t\t\t<li class=\"col-sm-4\">\r\n\t\t\t\t\t\t\t<div class=\"inn-sec\">\r\n\r\n\t\t\t\t\t\t\t\t<a href=\"https:\/\/taskinmuzesi.dsi.gov.tr\/index.php\/gallery-tags\/fotograflar\/\" rel=\"tag\">FOTO\u011eRAFLAR<\/a>\r\n\t\t\t\t\t\t\t\t<div class=\"hover-info\">\r\n\t\t\t\t\t\t\t\t\t<div class=\"position-center-center\">\r\n\t\t\t\t\t\t\t\t\t\t<a href=\"https:\/\/taskinmuzesi.dsi.gov.tr\/wp-content\/uploads\/2020\/05\/Taskin_02.jpg\" data-rel=\"prettyPhoto\" class=\"prettyPhoto lightzoom zoom\">\r\n\t\t\t\t\t\t\t\t\t\t\t<i class=\"fa fa-image\"><\/i>\r\n\t\t\t\t\t\t\t\t\t\t<\/a>\r\n\t\t\t\t\t\t\t\t\t<\/div>\r\n\t\t\t\t\t\t\t\t<\/div>\r\n\t\t\t\t\t\t\t\t<img loading=\"lazy\" decoding=\"async\" width=\"360\" height=\"278\" src=\"https:\/\/taskinmuzesi.dsi.gov.tr\/wp-content\/uploads\/2020\/05\/Taskin_02-360x278.jpg\" class=\"attachment-museumwp-360-278 size-museumwp-360-278 wp-post-image\" alt=\"\" \/>\t\t\t\t\t\t\t\t<div class=\"detail\">\r\n\t\t\t\t\t\t\t\t\t<a href=\"https:\/\/taskinmuzesi.dsi.gov.tr\/index.php\/gallery-item\/taskin-bolgemiz\/\" title=\"B\u00d6LGEM\u0130ZDE TA\u015eKIN\">\r\n\t\t\t\t\t\t\t\t\t\tB\u00d6LGEM\u0130ZDE TA\u015eKIN\t\t\t\t\t\t\t\t\t<\/a>\r\n\t\t\t\t\t\t\t\t\t<p><span>Konum: <\/span>T\u00fcrkiye, Trabzon B\u00f6lge<\/p>\r\n\t\t\t\t\t\t\t\t<\/div>\r\n\t\t\t\t\t\t\t<\/div>\r\n\t\t\t\t\t\t<\/li>\r\n\t\t\t\t\t\t\t\t\t\t\t\t<li class=\"col-sm-4\">\r\n\t\t\t\t\t\t\t<div class=\"inn-sec\">\r\n\r\n\t\t\t\t\t\t\t\t<a href=\"https:\/\/taskinmuzesi.dsi.gov.tr\/index.php\/gallery-tags\/fotograflar\/\" rel=\"tag\">FOTO\u011eRAFLAR<\/a>\r\n\t\t\t\t\t\t\t\t<div class=\"hover-info\">\r\n\t\t\t\t\t\t\t\t\t<div class=\"position-center-center\">\r\n\t\t\t\t\t\t\t\t\t\t<a href=\"https:\/\/taskinmuzesi.dsi.gov.tr\/wp-content\/uploads\/2020\/05\/12.jpg\" data-rel=\"prettyPhoto\" class=\"prettyPhoto lightzoom zoom\">\r\n\t\t\t\t\t\t\t\t\t\t\t<i class=\"fa fa-image\"><\/i>\r\n\t\t\t\t\t\t\t\t\t\t<\/a>\r\n\t\t\t\t\t\t\t\t\t<\/div>\r\n\t\t\t\t\t\t\t\t<\/div>\r\n\t\t\t\t\t\t\t\t<img loading=\"lazy\" decoding=\"async\" width=\"360\" height=\"278\" src=\"https:\/\/taskinmuzesi.dsi.gov.tr\/wp-content\/uploads\/2020\/05\/12-360x278.jpg\" class=\"attachment-museumwp-360-278 size-museumwp-360-278 wp-post-image\" alt=\"\" \/>\t\t\t\t\t\t\t\t<div class=\"detail\">\r\n\t\t\t\t\t\t\t\t\t<a href=\"https:\/\/taskinmuzesi.dsi.gov.tr\/index.php\/gallery-item\/taskin-koruma\/\" title=\"TA\u015eKIN KORUMA\">\r\n\t\t\t\t\t\t\t\t\t\tTA\u015eKIN KORUMA\t\t\t\t\t\t\t\t\t<\/a>\r\n\t\t\t\t\t\t\t\t\t<p><span>Konum: <\/span>T\u00fcrkiye, Genel<\/p>\r\n\t\t\t\t\t\t\t\t<\/div>\r\n\t\t\t\t\t\t\t<\/div>\r\n\t\t\t\t\t\t<\/li>\r\n\t\t\t\t\t\t\t\t\t\t\t\t\t<li class=\"clearfix\"><\/li>\r\n\t\t\t\t\t\t\t\t\t\t\t\t\t<li class=\"col-sm-4\">\r\n\t\t\t\t\t\t\t<div class=\"inn-sec\">\r\n\r\n\t\t\t\t\t\t\t\t<a href=\"https:\/\/taskinmuzesi.dsi.gov.tr\/index.php\/gallery-tags\/fotograflar\/\" rel=\"tag\">FOTO\u011eRAFLAR<\/a>\r\n\t\t\t\t\t\t\t\t<div class=\"hover-info\">\r\n\t\t\t\t\t\t\t\t\t<div class=\"position-center-center\">\r\n\t\t\t\t\t\t\t\t\t\t<a href=\"https:\/\/taskinmuzesi.dsi.gov.tr\/wp-content\/uploads\/2020\/05\/mr_preview.jpg\" data-rel=\"prettyPhoto\" class=\"prettyPhoto lightzoom zoom\">\r\n\t\t\t\t\t\t\t\t\t\t\t<i class=\"fa fa-image\"><\/i>\r\n\t\t\t\t\t\t\t\t\t\t<\/a>\r\n\t\t\t\t\t\t\t\t\t<\/div>\r\n\t\t\t\t\t\t\t\t<\/div>\r\n\t\t\t\t\t\t\t\t<img loading=\"lazy\" decoding=\"async\" width=\"360\" height=\"278\" src=\"https:\/\/taskinmuzesi.dsi.gov.tr\/wp-content\/uploads\/2020\/05\/mr_preview-360x278.jpg\" class=\"attachment-museumwp-360-278 size-museumwp-360-278 wp-post-image\" alt=\"\" \/>\t\t\t\t\t\t\t\t<div class=\"detail\">\r\n\t\t\t\t\t\t\t\t\t<a href=\"https:\/\/taskinmuzesi.dsi.gov.tr\/index.php\/gallery-item\/is-makinalari\/\" title=\"\u0130\u015e MAK\u0130NALARI\">\r\n\t\t\t\t\t\t\t\t\t\t\u0130\u015e MAK\u0130NALARI\t\t\t\t\t\t\t\t\t<\/a>\r\n\t\t\t\t\t\t\t\t\t<p><span>Konum: <\/span>T\u00fcrkiye, Trabzon B\u00f6lge<\/p>\r\n\t\t\t\t\t\t\t\t<\/div>\r\n\t\t\t\t\t\t\t<\/div>\r\n\t\t\t\t\t\t<\/li>\r\n\t\t\t\t\t\t\t\t\t\t<\/ul>\r\n\t\t\t\t\t\t<\/div>\r\n\t<\/section>\r\n\t[\/vc_column][\/vc_row]<\/p>\n","protected":false},"excerpt":{"rendered":"<p>[vc_row][vc_column][\/vc_column][\/vc_row]<\/p>\n","protected":false},"author":1,"featured_media":0,"parent":0,"menu_order":0,"comment_status":"closed","ping_status":"closed","template":"","meta":{"footnotes":""},"_links":{"self":[{"href":"https:\/\/taskinmuzesi.dsi.gov.tr\/index.php\/wp-json\/wp\/v2\/pages\/345"}],"collection":[{"href":"https:\/\/taskinmuzesi.dsi.gov.tr\/index.php\/wp-json\/wp\/v2\/pages"}],"about":[{"href":"https:\/\/taskinmuzesi.dsi.gov.tr\/index.php\/wp-json\/wp\/v2\/types\/page"}],"author":[{"embeddable":true,"href":"https:\/\/taskinmuzesi.dsi.gov.tr\/index.php\/wp-json\/wp\/v2\/users\/1"}],"replies":[{"embeddable":true,"href":"https:\/\/taskinmuzesi.dsi.gov.tr\/index.php\/wp-json\/wp\/v2\/comments?post=345"}],"version-history":[{"count":0,"href":"https:\/\/taskinmuzesi.dsi.gov.tr\/index.php\/wp-json\/wp\/v2\/pages\/345\/revisions"}],"wp:attachment":[{"href":"https:\/\/taskinmuzesi.dsi.gov.tr\/index.php\/wp-json\/wp\/v2\/media?parent=345"}],"curies":[{"name":"wp","href":"https:\/\/api.w.org\/{rel}","templated":true}]}}