{"id":346,"date":"2015-12-16T09:41:45","date_gmt":"2015-12-16T09:41:45","guid":{"rendered":"http:\/\/themewisdom.com\/demo\/wpm\/museum\/?page_id=209"},"modified":"2024-02-13T16:27:22","modified_gmt":"2024-02-13T13:27:22","slug":"home-2","status":"publish","type":"page","link":"https:\/\/taskinmuzesi.dsi.gov.tr\/","title":{"rendered":"Ana Sayfa"},"content":{"rendered":"<p>[vc_row][vc_column][vc_column_text]<div style=\"display: none;\" class=\"crellyslider-slider crellyslider-slider-full-width crellyslider-slider-banner crellyslider-1\" id=\"crellyslider-1\">\n<ul>\n<li\nstyle=\"\nbackground-color: transparent;\nbackground-image: url('https:\/\/taskinmuzesi.dsi.gov.tr\/wp-content\/uploads\/2020\/04\/Kurgu02.jpg');\nbackground-position: center center;\nbackground-repeat: no-repeat;\nbackground-size: cover;\n\n\"\ndata-in=\"fade\"\ndata-ease-in=\"500\"\ndata-out=\"fade\"\ndata-ease-out=\"500\"\ndata-time=\"4000\"\n>\n<\/li>\n<li\nstyle=\"\nbackground-color: transparent;\nbackground-image: url('https:\/\/taskinmuzesi.dsi.gov.tr\/wp-content\/uploads\/2020\/04\/Heyelan01.jpg');\nbackground-position: center center;\nbackground-repeat: no-repeat;\nbackground-size: cover;\n\n\"\ndata-in=\"fade\"\ndata-ease-in=\"300\"\ndata-out=\"fade\"\ndata-ease-out=\"300\"\ndata-time=\"3000\"\n>\n<\/li>\n<li\nstyle=\"\nbackground-color: transparent;\nbackground-image: url('https:\/\/taskinmuzesi.dsi.gov.tr\/wp-content\/uploads\/2020\/04\/Tarih01.jpg');\nbackground-position: center center;\nbackground-repeat: no-repeat;\nbackground-size: cover;\n\n\"\ndata-in=\"fade\"\ndata-ease-in=\"300\"\ndata-out=\"fade\"\ndata-ease-out=\"300\"\ndata-time=\"3000\"\n>\n<\/li>\n<\/ul>\n<\/div>\n<script type=\"text\/javascript\">\n(function($) {\n$(document).ready(function() {\n$(\"#crellyslider-1\").crellySlider({\nlayout: 'full-width',\nresponsive: 1,\nstartWidth: 1918,\nstartHeight: 731,\nautomaticSlide: 1,\nshowControls: 1,\nshowNavigation: 1,\nenableSwipe: 1,\nshowProgressBar: 1,\npauseOnHover: 1,\nrandomOrder: 0,\nstartFromSlide: 0,\nbeforeStart : function() {},\nbeforeSetResponsive : function() {},\nbeforeSlideStart : function() {},\nbeforePause\t: function() {},\nbeforeResume : function() {},\n});\n});\n})(jQuery);\n<\/script>\n[\/vc_column_text][\/vc_column][\/vc_row][vc_row][vc_column]\r\n\t<section class=\"history\">\r\n\r\n\t\t<div class=\"row\"> \r\n\r\n\t\t\t<!-- IMAGE -->\r\n\t\t\t<div class=\"col-md-4 no-padding\">\r\n\t\t\t\t<div class=\"museum-img\" style=\"background-image: url(https:\/\/taskinmuzesi.dsi.gov.tr\/wp-content\/uploads\/2020\/04\/800xGiris.jpg);\"> <\/div>\r\n\t\t\t<\/div>\r\n\r\n\t\t\t<!-- History Content -->\r\n\t\t\t<div class=\"col-md-8 no-padding\">\r\n\r\n\t\t\t\t<div class=\"history-detail\">\r\n\r\n\t\t\t\t\t<ul class=\"row\">\r\n\t\t\t\t\t\t<li class=\"col-md-3\">\r\n\t\t\t\t\t\t\t<h4>\u0130lk \u0130nteraktif Ta\u015fk\u0131n M\u00fczesi<\/h4><hr>\t\t\t\t\t\t<\/li>\r\n\t\t\t\t\t\t<li class=\"col-md-9\">\r\n\t\t\t\t\t\t\t<p>D\u00fcnyada ta\u015fk\u0131n m\u00fczesi ad\u0131 alt\u0131nda daha \u00f6nce 3 adet m\u00fcze hayata ge\u00e7irilmi\u015f olmakla birlikte, bu m\u00fczeler sadece birer ta\u015fk\u0131n olay\u0131na hitap eden an\u0131 m\u00fczeleridir.<\/p>\n<p>\u00dclkemizde hayata ge\u00e7irilen m\u00fcze ise d\u00fcnyadaki ilk \u0130nteraktif Ta\u015fk\u0131n M\u00fczesi olup ta\u015fk\u0131nla ilgili k\u0131sacas\u0131 \"her\u015feyi\" \u0131slanarak \u00f6\u011freneceksiniz.<\/p>\n\t\t\t\t\t\t<\/li>\r\n\t\t\t\t\t<\/ul>\r\n\r\n\t\t\t\t\t<!-- On View -->\r\n\t\t\t\t\t<ul class=\"row on-view\">\r\n\t\t\t\t\t\t<li class=\"col-md-3\">\r\n\t\t\t\t\t\t\t<h4>B\u00d6L\u00dcMLER\u0130N\u0130Z<\/h4><hr>\t\t\t\t\t\t<\/li>\r\n\t\t\t\t\t\t<li class=\"col-md-9\">\r\n\t\t\t\t\t\t\t\t\t\t\t\t\t\t\t<ul class=\"row\">\r\n\t\t\t\t\t\t\t\t\t\t\t\t\t\t\t\t\t\t\t<li class=\"col-md-4 col-sm-6\"><p>TA\u015eKIN S\u0130NEMA SALONU<\/p><\/li>\r\n\t\t\t\t\t\t\t\t\t\t\t\t\t\t\t\t\t\t\t\t<li class=\"col-md-4 col-sm-6\"><p>\u0130NTERAKT\u0130F TA\u015eKIN ALANI<\/p><\/li>\r\n\t\t\t\t\t\t\t\t\t\t\t\t\t\t\t\t\t\t\t\t<li class=\"col-md-4 col-sm-6\"><p>HEYELAN YAMACI<\/p><\/li>\r\n\t\t\t\t\t\t\t\t\t\t\t\t\t\t\t\t\t\t\t\t<li class=\"col-md-4 col-sm-6\"><p>1929 OF AFET\u0130 MAKET\u0130<\/p><\/li>\r\n\t\t\t\t\t\t\t\t\t\t\t\t\t\t\t\t\t\t\t\t<li class=\"col-md-4 col-sm-6\"><p>TA\u015eKIN KRONOLOJ\u0130S\u0130<\/p><\/li>\r\n\t\t\t\t\t\t\t\t\t\t\t\t\t\t\t\t\t\t\t\t<li class=\"col-md-4 col-sm-6\"><p>\u015eEH\u0130R TA\u015eKINLARI<\/p><\/li>\r\n\t\t\t\t\t\t\t\t\t\t\t\t\t\t\t\t\t\t\t\t<li class=\"col-md-4 col-sm-6\"><p>TA\u015eKIN ERKEN UYARI S\u0130STEMLER\u0130<\/p><\/li>\r\n\t\t\t\t\t\t\t\t\t\t\t\t\t\t\t\t\t\t\t\t<li class=\"col-md-4 col-sm-6\"><p>TA\u015eKIN TEHL\u0130KE HAR\u0130TASI<\/p><\/li>\r\n\t\t\t\t\t\t\t\t\t\t\t\t\t\t\t\t\t\t\t\t<li class=\"col-md-4 col-sm-6\"><p>TA\u015eKIN KONTROL TES\u0130SLER\u0130<\/p><\/li>\r\n\t\t\t\t\t\t\t\t\t\t\t\t\t\t\t\t\t\t\t\t<li class=\"col-md-4 col-sm-6\"><p>RUSUBAT KONTROL TES\u0130SLER\u0130<\/p><\/li>\r\n\t\t\t\t\t\t\t\t\t\t\t\t\t\t\t\t\t\t\t\t<li class=\"col-md-4 col-sm-6\"><p>YEN\u0130L\u0130K\u00c7\u0130 TA\u015eKIN KONTROL TES\u0130SLER\u0130<\/p><\/li>\r\n\t\t\t\t\t\t\t\t\t\t\t\t\t\t\t\t\t\t\t\t<li class=\"col-md-4 col-sm-6\"><p>\u0130\u015e MAK\u0130NALARI<\/p><\/li>\r\n\t\t\t\t\t\t\t\t\t\t\t\t\t\t\t\t\t\t\t\t<li class=\"col-md-4 col-sm-6\"><p>GE\u00c7\u0130RGEN TERS\u0130P BEND\u0130 H\u0130DROL\u0130K MODEL\u0130<\/p><\/li>\r\n\t\t\t\t\t\t\t\t\t\t\t\t\t\t\t\t\t\t\t\t<li class=\"col-md-4 col-sm-6\"><p>TEKN\u0130K B\u0130LG\u0130LEND\u0130RME B\u00d6L\u00dcM\u00dc<\/p><\/li>\r\n\t\t\t\t\t\t\t\t\t\t\t\t\t\t\t\t\t\t\t\t<li class=\"col-md-4 col-sm-6\"><p>KUB\u0130 ve SU EL\u00c7\u0130LER\u0130<\/p><\/li>\r\n\t\t\t\t\t\t\t\t\t\t\t\t\t\t\t\t\t\t\t\t<li class=\"col-md-4 col-sm-6\"><p>TA\u015eKIN ANINDA DAVRANI\u015e<\/p><\/li>\r\n\t\t\t\t\t\t\t\t\t\t\t\t\t\t\t\t\t\t\t\t<li class=\"col-md-4 col-sm-6\"><p>SANAL GER\u00c7EKL\u0130K ODASI<\/p><\/li>\r\n\t\t\t\t\t\t\t\t\t\t\t\t\t\t\t\t\t\t\t\t<li class=\"col-md-4 col-sm-6\"><p>TA\u015eKIN M\u00dcDAHALE ODASI<\/p><\/li>\r\n\t\t\t\t\t\t\t\t\t\t\t\t\t\t\t\t\t\t\t\t<li class=\"col-md-4 col-sm-6\"><p>BEKLEME SALONU VE HATIRA FOTO\u011eRAFI K\u00d6\u015eES\u0130<\/p><\/li>\r\n\t\t\t\t\t\t\t\t\t\t\t\t\t\t\t\t\t\t<\/ul>\r\n\t\t\t\t\t\t\t\t\t\t\t\t\t\t<\/li>\r\n\t\t\t\t\t<\/ul>\r\n\t\t\t\t<\/div>\r\n\t\t\t<\/div>\r\n\t\t<\/div>\r\n\t<\/section>\r\n\t[\/vc_column][\/vc_row][vc_row][vc_column][vc_column_text]\r\n\t<section class=\"sec-100px gallery\">\r\n\r\n\t\t<div class=\"container\"> \r\n\t\t\t\t\t\t\t<!-- Tittle -->\r\n\t\t\t\t<div class=\"tittle\">\r\n\t\t\t\t\t<h2>D\u0130KKAT TA\u015eKIN VAR !!!<\/h2><hr><p>M\u00fczemizden ve Ta\u015fk\u0131n Ar\u015fivlerimizden Resim - Videolar<\/p>\n\t\t\t\t<\/div>\r\n\t\t\t\t\t\t\t\t<ul class=\"row\">\r\n\t\t\t\t\t\t\t\t\t\t\t<li class=\"col-sm-4\">\r\n\t\t\t\t\t\t\t<div class=\"inn-sec\">\r\n\r\n\t\t\t\t\t\t\t\t<a href=\"https:\/\/taskinmuzesi.dsi.gov.tr\/index.php\/gallery-tags\/fotograflar\/\" rel=\"tag\">FOTO\u011eRAFLAR<\/a>\r\n\t\t\t\t\t\t\t\t<div class=\"hover-info\">\r\n\t\t\t\t\t\t\t\t\t<div class=\"position-center-center\">\r\n\t\t\t\t\t\t\t\t\t\t<a href=\"https:\/\/taskinmuzesi.dsi.gov.tr\/wp-content\/uploads\/2020\/05\/Taskin_genel20-scaled.jpg\" data-rel=\"prettyPhoto\" class=\"prettyPhoto lightzoom zoom\">\r\n\t\t\t\t\t\t\t\t\t\t\t<i class=\"fa fa-image\"><\/i>\r\n\t\t\t\t\t\t\t\t\t\t<\/a>\r\n\t\t\t\t\t\t\t\t\t<\/div>\r\n\t\t\t\t\t\t\t\t<\/div>\r\n\t\t\t\t\t\t\t\t<img loading=\"lazy\" decoding=\"async\" width=\"360\" height=\"278\" src=\"https:\/\/taskinmuzesi.dsi.gov.tr\/wp-content\/uploads\/2020\/05\/Taskin_genel20-360x278.jpg\" class=\"attachment-museumwp-360-278 size-museumwp-360-278 wp-post-image\" alt=\"\" \/>\t\t\t\t\t\t\t\t<div class=\"detail\">\r\n\t\t\t\t\t\t\t\t\t<a href=\"https:\/\/taskinmuzesi.dsi.gov.tr\/index.php\/gallery-item\/taskin\/\" title=\"TA\u015eKIN T\u00dcRK\u0130YE GENEL\u0130\">\r\n\t\t\t\t\t\t\t\t\t\tTA\u015eKIN T\u00dcRK\u0130YE GENEL\u0130\t\t\t\t\t\t\t\t\t<\/a>\r\n\t\t\t\t\t\t\t\t\t<p><span>Konum: <\/span>T\u00fcrkiye, Genel<\/p>\r\n\t\t\t\t\t\t\t\t<\/div>\r\n\t\t\t\t\t\t\t<\/div>\r\n\t\t\t\t\t\t<\/li>\r\n\t\t\t\t\t\t\t\t\t\t\t\t<li class=\"col-sm-4\">\r\n\t\t\t\t\t\t\t<div class=\"inn-sec\">\r\n\r\n\t\t\t\t\t\t\t\t<a href=\"https:\/\/taskinmuzesi.dsi.gov.tr\/index.php\/gallery-tags\/fotograflar\/\" rel=\"tag\">FOTO\u011eRAFLAR<\/a>\r\n\t\t\t\t\t\t\t\t<div class=\"hover-info\">\r\n\t\t\t\t\t\t\t\t\t<div class=\"position-center-center\">\r\n\t\t\t\t\t\t\t\t\t\t<a href=\"https:\/\/taskinmuzesi.dsi.gov.tr\/wp-content\/uploads\/2020\/05\/Taskin_02.jpg\" data-rel=\"prettyPhoto\" class=\"prettyPhoto lightzoom zoom\">\r\n\t\t\t\t\t\t\t\t\t\t\t<i class=\"fa fa-image\"><\/i>\r\n\t\t\t\t\t\t\t\t\t\t<\/a>\r\n\t\t\t\t\t\t\t\t\t<\/div>\r\n\t\t\t\t\t\t\t\t<\/div>\r\n\t\t\t\t\t\t\t\t<img loading=\"lazy\" decoding=\"async\" width=\"360\" height=\"278\" src=\"https:\/\/taskinmuzesi.dsi.gov.tr\/wp-content\/uploads\/2020\/05\/Taskin_02-360x278.jpg\" class=\"attachment-museumwp-360-278 size-museumwp-360-278 wp-post-image\" alt=\"\" \/>\t\t\t\t\t\t\t\t<div class=\"detail\">\r\n\t\t\t\t\t\t\t\t\t<a href=\"https:\/\/taskinmuzesi.dsi.gov.tr\/index.php\/gallery-item\/taskin-bolgemiz\/\" title=\"B\u00d6LGEM\u0130ZDE TA\u015eKIN\">\r\n\t\t\t\t\t\t\t\t\t\tB\u00d6LGEM\u0130ZDE TA\u015eKIN\t\t\t\t\t\t\t\t\t<\/a>\r\n\t\t\t\t\t\t\t\t\t<p><span>Konum: <\/span>T\u00fcrkiye, Trabzon B\u00f6lge<\/p>\r\n\t\t\t\t\t\t\t\t<\/div>\r\n\t\t\t\t\t\t\t<\/div>\r\n\t\t\t\t\t\t<\/li>\r\n\t\t\t\t\t\t\t\t\t\t\t\t<li class=\"col-sm-4\">\r\n\t\t\t\t\t\t\t<div class=\"inn-sec\">\r\n\r\n\t\t\t\t\t\t\t\t<a href=\"https:\/\/taskinmuzesi.dsi.gov.tr\/index.php\/gallery-tags\/fotograflar\/\" rel=\"tag\">FOTO\u011eRAFLAR<\/a>\r\n\t\t\t\t\t\t\t\t<div class=\"hover-info\">\r\n\t\t\t\t\t\t\t\t\t<div class=\"position-center-center\">\r\n\t\t\t\t\t\t\t\t\t\t<a href=\"https:\/\/taskinmuzesi.dsi.gov.tr\/wp-content\/uploads\/2020\/05\/12.jpg\" data-rel=\"prettyPhoto\" class=\"prettyPhoto lightzoom zoom\">\r\n\t\t\t\t\t\t\t\t\t\t\t<i class=\"fa fa-image\"><\/i>\r\n\t\t\t\t\t\t\t\t\t\t<\/a>\r\n\t\t\t\t\t\t\t\t\t<\/div>\r\n\t\t\t\t\t\t\t\t<\/div>\r\n\t\t\t\t\t\t\t\t<img loading=\"lazy\" decoding=\"async\" width=\"360\" height=\"278\" src=\"https:\/\/taskinmuzesi.dsi.gov.tr\/wp-content\/uploads\/2020\/05\/12-360x278.jpg\" class=\"attachment-museumwp-360-278 size-museumwp-360-278 wp-post-image\" alt=\"\" \/>\t\t\t\t\t\t\t\t<div class=\"detail\">\r\n\t\t\t\t\t\t\t\t\t<a href=\"https:\/\/taskinmuzesi.dsi.gov.tr\/index.php\/gallery-item\/taskin-koruma\/\" title=\"TA\u015eKIN KORUMA\">\r\n\t\t\t\t\t\t\t\t\t\tTA\u015eKIN KORUMA\t\t\t\t\t\t\t\t\t<\/a>\r\n\t\t\t\t\t\t\t\t\t<p><span>Konum: <\/span>T\u00fcrkiye, Genel<\/p>\r\n\t\t\t\t\t\t\t\t<\/div>\r\n\t\t\t\t\t\t\t<\/div>\r\n\t\t\t\t\t\t<\/li>\r\n\t\t\t\t\t\t\t\t\t\t\t\t\t<li class=\"clearfix\"><\/li>\r\n\t\t\t\t\t\t\t\t\t\t\t<\/ul>\r\n\t\t\t\t\t\t<\/div>\r\n\t<\/section>\r\n\t[\/vc_column_text][\/vc_column][\/vc_row]<\/p>\n","protected":false},"excerpt":{"rendered":"<p>[vc_row][vc_column][vc_column_text][\/vc_column_text][\/vc_column][\/vc_row][vc_row][vc_column][\/vc_column][\/vc_row][vc_row][vc_column][vc_column_text][\/vc_column_text][\/vc_column][\/vc_row]<\/p>\n","protected":false},"author":1,"featured_media":0,"parent":0,"menu_order":0,"comment_status":"closed","ping_status":"closed","template":"","meta":{"footnotes":""},"_links":{"self":[{"href":"https:\/\/taskinmuzesi.dsi.gov.tr\/index.php\/wp-json\/wp\/v2\/pages\/346"}],"collection":[{"href":"https:\/\/taskinmuzesi.dsi.gov.tr\/index.php\/wp-json\/wp\/v2\/pages"}],"about":[{"href":"https:\/\/taskinmuzesi.dsi.gov.tr\/index.php\/wp-json\/wp\/v2\/types\/page"}],"author":[{"embeddable":true,"href":"https:\/\/taskinmuzesi.dsi.gov.tr\/index.php\/wp-json\/wp\/v2\/users\/1"}],"replies":[{"embeddable":true,"href":"https:\/\/taskinmuzesi.dsi.gov.tr\/index.php\/wp-json\/wp\/v2\/comments?post=346"}],"version-history":[{"count":14,"href":"https:\/\/taskinmuzesi.dsi.gov.tr\/index.php\/wp-json\/wp\/v2\/pages\/346\/revisions"}],"predecessor-version":[{"id":1135,"href":"https:\/\/taskinmuzesi.dsi.gov.tr\/index.php\/wp-json\/wp\/v2\/pages\/346\/revisions\/1135"}],"wp:attachment":[{"href":"https:\/\/taskinmuzesi.dsi.gov.tr\/index.php\/wp-json\/wp\/v2\/media?parent=346"}],"curies":[{"name":"wp","href":"https:\/\/api.w.org\/{rel}","templated":true}]}}