{"id":408,"date":"2020-03-26T04:44:51","date_gmt":"2020-03-26T01:44:51","guid":{"rendered":"http:\/\/localhost\/wordpress\/?page_id=408"},"modified":"2020-04-18T02:03:58","modified_gmt":"2020-04-17T23:03:58","slug":"taskin-sinema-salonu","status":"publish","type":"page","link":"https:\/\/taskinmuzesi.dsi.gov.tr\/index.php\/taskin-sinema-salonu\/","title":{"rendered":"TA\u015eKIN S\u0130NEMA SALONU"},"content":{"rendered":"\n<figure class=\"wp-block-image size-full\"><img loading=\"lazy\" decoding=\"async\" width=\"1918\" height=\"775\" src=\"https:\/\/taskinmuzesi.dsi.gov.tr\/wp-content\/uploads\/2020\/04\/mt30.jpg\" alt=\"\" class=\"wp-image-764\" srcset=\"https:\/\/taskinmuzesi.dsi.gov.tr\/wp-content\/uploads\/2020\/04\/mt30.jpg 1918w, https:\/\/taskinmuzesi.dsi.gov.tr\/wp-content\/uploads\/2020\/04\/mt30-300x121.jpg 300w, https:\/\/taskinmuzesi.dsi.gov.tr\/wp-content\/uploads\/2020\/04\/mt30-1024x414.jpg 1024w, https:\/\/taskinmuzesi.dsi.gov.tr\/wp-content\/uploads\/2020\/04\/mt30-768x310.jpg 768w, https:\/\/taskinmuzesi.dsi.gov.tr\/wp-content\/uploads\/2020\/04\/mt30-1536x621.jpg 1536w\" sizes=\"(max-width: 1918px) 100vw, 1918px\" \/><\/figure>\n\n\n\n<p>M\u00fczeyi ziyaretinizde ilk olarak sizi surround ses sistemi ile donat\u0131lm\u0131\u015f sinema salonumuzda misafir ederek ta\u015fk\u0131nlar ile ilgili bilgilendirme ama\u00e7l\u0131 k\u0131sa bir video g\u00f6sterisi sunaca\u011f\u0131z. Sinemam\u0131zdaki filmler yeti\u015fkinler ve \u00e7ocuklar i\u00e7in ayr\u0131 ya\u015f gruplar\u0131na g\u00f6re se\u00e7ilmektedir.<\/p>\n","protected":false},"excerpt":{"rendered":"<p>M\u00fczeyi ziyaretinizde ilk olarak sizi surround ses sistemi ile donat\u0131lm\u0131\u015f sinema salonumuzda misafir ederek ta\u015fk\u0131nlar ile ilgili bilgilendirme ama\u00e7l\u0131 k\u0131sa bir video g\u00f6sterisi sunaca\u011f\u0131z. Sinemam\u0131zdaki filmler yeti\u015fkinler ve \u00e7ocuklar i\u00e7in ayr\u0131 ya\u015f gruplar\u0131na g\u00f6re se\u00e7ilmektedir.<\/p>\n","protected":false},"author":1,"featured_media":0,"parent":0,"menu_order":0,"comment_status":"closed","ping_status":"closed","template":"","meta":{"footnotes":""},"_links":{"self":[{"href":"https:\/\/taskinmuzesi.dsi.gov.tr\/index.php\/wp-json\/wp\/v2\/pages\/408"}],"collection":[{"href":"https:\/\/taskinmuzesi.dsi.gov.tr\/index.php\/wp-json\/wp\/v2\/pages"}],"about":[{"href":"https:\/\/taskinmuzesi.dsi.gov.tr\/index.php\/wp-json\/wp\/v2\/types\/page"}],"author":[{"embeddable":true,"href":"https:\/\/taskinmuzesi.dsi.gov.tr\/index.php\/wp-json\/wp\/v2\/users\/1"}],"replies":[{"embeddable":true,"href":"https:\/\/taskinmuzesi.dsi.gov.tr\/index.php\/wp-json\/wp\/v2\/comments?post=408"}],"version-history":[{"count":3,"href":"https:\/\/taskinmuzesi.dsi.gov.tr\/index.php\/wp-json\/wp\/v2\/pages\/408\/revisions"}],"predecessor-version":[{"id":786,"href":"https:\/\/taskinmuzesi.dsi.gov.tr\/index.php\/wp-json\/wp\/v2\/pages\/408\/revisions\/786"}],"wp:attachment":[{"href":"https:\/\/taskinmuzesi.dsi.gov.tr\/index.php\/wp-json\/wp\/v2\/media?parent=408"}],"curies":[{"name":"wp","href":"https:\/\/api.w.org\/{rel}","templated":true}]}}