{"id":412,"date":"2020-03-26T04:46:19","date_gmt":"2020-03-26T01:46:19","guid":{"rendered":"http:\/\/localhost\/wordpress\/?page_id=412"},"modified":"2020-04-10T06:52:54","modified_gmt":"2020-04-10T03:52:54","slug":"interaktif-taskin-alani","status":"publish","type":"page","link":"https:\/\/taskinmuzesi.dsi.gov.tr\/index.php\/interaktif-taskin-alani\/","title":{"rendered":"\u0130NTERAKT\u0130F TA\u015eKIN ALANI"},"content":{"rendered":"\n<figure class=\"wp-block-image size-full\"><img loading=\"lazy\" decoding=\"async\" width=\"1918\" height=\"775\" src=\"https:\/\/taskinmuzesi.dsi.gov.tr\/wp-content\/uploads\/2020\/04\/mt15.jpg\" alt=\"\" class=\"wp-image-579\" srcset=\"https:\/\/taskinmuzesi.dsi.gov.tr\/wp-content\/uploads\/2020\/04\/mt15.jpg 1918w, https:\/\/taskinmuzesi.dsi.gov.tr\/wp-content\/uploads\/2020\/04\/mt15-300x121.jpg 300w, https:\/\/taskinmuzesi.dsi.gov.tr\/wp-content\/uploads\/2020\/04\/mt15-1024x414.jpg 1024w, https:\/\/taskinmuzesi.dsi.gov.tr\/wp-content\/uploads\/2020\/04\/mt15-768x310.jpg 768w, https:\/\/taskinmuzesi.dsi.gov.tr\/wp-content\/uploads\/2020\/04\/mt15-1536x621.jpg 1536w\" sizes=\"(max-width: 1918px) 100vw, 1918px\" \/><\/figure>\n\n\n\n<p>Ta\u015fk\u0131nlara neden olan insan faaliyetlerinin olu\u015fum mekanizmas\u0131n\u0131 bizzat ya\u015fayabilmeniz i\u00e7in olu\u015fturu\u015fan 6 m uzunlu\u011fundaki interaktif ta\u015fk\u0131n maketinde, dere yata\u011f\u0131na yapaca\u011f\u0131n\u0131z m\u00fcdahalelerin hayata etkilerini \u0131slak ellerinizle bizzat hissedeceksiniz. <\/p>\n","protected":false},"excerpt":{"rendered":"<p>Ta\u015fk\u0131nlara neden olan insan faaliyetlerinin olu\u015fum mekanizmas\u0131n\u0131 bizzat ya\u015fayabilmeniz i\u00e7in olu\u015fturu\u015fan 6 m uzunlu\u011fundaki interaktif ta\u015fk\u0131n maketinde, dere yata\u011f\u0131na yapaca\u011f\u0131n\u0131z m\u00fcdahalelerin hayata etkilerini \u0131slak ellerinizle bizzat hissedeceksiniz.<\/p>\n","protected":false},"author":1,"featured_media":0,"parent":0,"menu_order":0,"comment_status":"closed","ping_status":"closed","template":"","meta":{"footnotes":""},"_links":{"self":[{"href":"https:\/\/taskinmuzesi.dsi.gov.tr\/index.php\/wp-json\/wp\/v2\/pages\/412"}],"collection":[{"href":"https:\/\/taskinmuzesi.dsi.gov.tr\/index.php\/wp-json\/wp\/v2\/pages"}],"about":[{"href":"https:\/\/taskinmuzesi.dsi.gov.tr\/index.php\/wp-json\/wp\/v2\/types\/page"}],"author":[{"embeddable":true,"href":"https:\/\/taskinmuzesi.dsi.gov.tr\/index.php\/wp-json\/wp\/v2\/users\/1"}],"replies":[{"embeddable":true,"href":"https:\/\/taskinmuzesi.dsi.gov.tr\/index.php\/wp-json\/wp\/v2\/comments?post=412"}],"version-history":[{"count":1,"href":"https:\/\/taskinmuzesi.dsi.gov.tr\/index.php\/wp-json\/wp\/v2\/pages\/412\/revisions"}],"predecessor-version":[{"id":608,"href":"https:\/\/taskinmuzesi.dsi.gov.tr\/index.php\/wp-json\/wp\/v2\/pages\/412\/revisions\/608"}],"wp:attachment":[{"href":"https:\/\/taskinmuzesi.dsi.gov.tr\/index.php\/wp-json\/wp\/v2\/media?parent=412"}],"curies":[{"name":"wp","href":"https:\/\/api.w.org\/{rel}","templated":true}]}}