{"id":416,"date":"2020-03-26T04:47:10","date_gmt":"2020-03-26T01:47:10","guid":{"rendered":"http:\/\/localhost\/wordpress\/?page_id=416"},"modified":"2020-04-10T06:44:26","modified_gmt":"2020-04-10T03:44:26","slug":"1929-of-afeti-maketi","status":"publish","type":"page","link":"https:\/\/taskinmuzesi.dsi.gov.tr\/index.php\/1929-of-afeti-maketi\/","title":{"rendered":"1929 OF AFET\u0130 MAKET\u0130"},"content":{"rendered":"\n<figure class=\"wp-block-image size-large\"><img loading=\"lazy\" decoding=\"async\" width=\"1024\" height=\"414\" src=\"https:\/\/taskinmuzesi.dsi.gov.tr\/wp-content\/uploads\/2020\/04\/mt02-1024x414.jpg\" alt=\"\" class=\"wp-image-566\" srcset=\"https:\/\/taskinmuzesi.dsi.gov.tr\/wp-content\/uploads\/2020\/04\/mt02-1024x414.jpg 1024w, https:\/\/taskinmuzesi.dsi.gov.tr\/wp-content\/uploads\/2020\/04\/mt02-300x121.jpg 300w, https:\/\/taskinmuzesi.dsi.gov.tr\/wp-content\/uploads\/2020\/04\/mt02-768x310.jpg 768w, https:\/\/taskinmuzesi.dsi.gov.tr\/wp-content\/uploads\/2020\/04\/mt02-1536x621.jpg 1536w, https:\/\/taskinmuzesi.dsi.gov.tr\/wp-content\/uploads\/2020\/04\/mt02.jpg 1918w\" sizes=\"(max-width: 1024px) 100vw, 1024px\" \/><\/figure>\n\n\n\n<p>Trabzon ili Of il\u00e7esinde 1929 y\u0131l\u0131nda ya\u015fanan ve 147 ki\u015finin hayat\u0131n\u0131 kaybetti\u011fi ta\u015fk\u0131n afeti \u00fclkemizin en b\u00fcy\u00fck ta\u015fk\u0131n afetlerinden birisidir. Bu b\u00f6l\u00fcmde afetin olu\u015fum mekanizmas\u0131 g\u00f6sterilmektedir.<\/p>\n","protected":false},"excerpt":{"rendered":"<p>Trabzon ili Of il\u00e7esinde 1929 y\u0131l\u0131nda ya\u015fanan ve 147 ki\u015finin hayat\u0131n\u0131 kaybetti\u011fi ta\u015fk\u0131n afeti \u00fclkemizin en b\u00fcy\u00fck ta\u015fk\u0131n afetlerinden birisidir. Bu b\u00f6l\u00fcmde afetin olu\u015fum mekanizmas\u0131 g\u00f6sterilmektedir.<\/p>\n","protected":false},"author":1,"featured_media":0,"parent":0,"menu_order":0,"comment_status":"closed","ping_status":"closed","template":"","meta":{"footnotes":""},"_links":{"self":[{"href":"https:\/\/taskinmuzesi.dsi.gov.tr\/index.php\/wp-json\/wp\/v2\/pages\/416"}],"collection":[{"href":"https:\/\/taskinmuzesi.dsi.gov.tr\/index.php\/wp-json\/wp\/v2\/pages"}],"about":[{"href":"https:\/\/taskinmuzesi.dsi.gov.tr\/index.php\/wp-json\/wp\/v2\/types\/page"}],"author":[{"embeddable":true,"href":"https:\/\/taskinmuzesi.dsi.gov.tr\/index.php\/wp-json\/wp\/v2\/users\/1"}],"replies":[{"embeddable":true,"href":"https:\/\/taskinmuzesi.dsi.gov.tr\/index.php\/wp-json\/wp\/v2\/comments?post=416"}],"version-history":[{"count":1,"href":"https:\/\/taskinmuzesi.dsi.gov.tr\/index.php\/wp-json\/wp\/v2\/pages\/416\/revisions"}],"predecessor-version":[{"id":590,"href":"https:\/\/taskinmuzesi.dsi.gov.tr\/index.php\/wp-json\/wp\/v2\/pages\/416\/revisions\/590"}],"wp:attachment":[{"href":"https:\/\/taskinmuzesi.dsi.gov.tr\/index.php\/wp-json\/wp\/v2\/media?parent=416"}],"curies":[{"name":"wp","href":"https:\/\/api.w.org\/{rel}","templated":true}]}}