{"id":426,"date":"2020-03-26T04:51:20","date_gmt":"2020-03-26T01:51:20","guid":{"rendered":"http:\/\/localhost\/wordpress\/?page_id=426"},"modified":"2020-04-10T07:05:03","modified_gmt":"2020-04-10T04:05:03","slug":"taskin-erken-uyari-sistemleri","status":"publish","type":"page","link":"https:\/\/taskinmuzesi.dsi.gov.tr\/index.php\/taskin-erken-uyari-sistemleri\/","title":{"rendered":"TA\u015eKIN ERKEN UYARI S\u0130STEMLER\u0130"},"content":{"rendered":"\n<figure class=\"wp-block-image size-full\"><img loading=\"lazy\" decoding=\"async\" width=\"1918\" height=\"775\" src=\"https:\/\/taskinmuzesi.dsi.gov.tr\/wp-content\/uploads\/2020\/04\/mt01.jpg\" alt=\"\" class=\"wp-image-565\" srcset=\"https:\/\/taskinmuzesi.dsi.gov.tr\/wp-content\/uploads\/2020\/04\/mt01.jpg 1918w, https:\/\/taskinmuzesi.dsi.gov.tr\/wp-content\/uploads\/2020\/04\/mt01-300x121.jpg 300w, https:\/\/taskinmuzesi.dsi.gov.tr\/wp-content\/uploads\/2020\/04\/mt01-1024x414.jpg 1024w, https:\/\/taskinmuzesi.dsi.gov.tr\/wp-content\/uploads\/2020\/04\/mt01-768x310.jpg 768w, https:\/\/taskinmuzesi.dsi.gov.tr\/wp-content\/uploads\/2020\/04\/mt01-1536x621.jpg 1536w\" sizes=\"(max-width: 1918px) 100vw, 1918px\" \/><\/figure>\n\n\n\n<p>\u00d6l\u00e7\u00fcyoruz, g\u00f6zlemliyoruz, modelliyoruz, hesapl\u0131yoruz ve tahminde bulunuyoruz. Kula\u011f\u0131n\u0131z\u0131 a\u00e7\u0131k tutun<\/p>\n","protected":false},"excerpt":{"rendered":"<p>\u00d6l\u00e7\u00fcyoruz, g\u00f6zlemliyoruz, modelliyoruz, hesapl\u0131yoruz ve tahminde bulunuyoruz. Kula\u011f\u0131n\u0131z\u0131 a\u00e7\u0131k tutun<\/p>\n","protected":false},"author":1,"featured_media":0,"parent":0,"menu_order":0,"comment_status":"closed","ping_status":"closed","template":"","meta":{"footnotes":""},"_links":{"self":[{"href":"https:\/\/taskinmuzesi.dsi.gov.tr\/index.php\/wp-json\/wp\/v2\/pages\/426"}],"collection":[{"href":"https:\/\/taskinmuzesi.dsi.gov.tr\/index.php\/wp-json\/wp\/v2\/pages"}],"about":[{"href":"https:\/\/taskinmuzesi.dsi.gov.tr\/index.php\/wp-json\/wp\/v2\/types\/page"}],"author":[{"embeddable":true,"href":"https:\/\/taskinmuzesi.dsi.gov.tr\/index.php\/wp-json\/wp\/v2\/users\/1"}],"replies":[{"embeddable":true,"href":"https:\/\/taskinmuzesi.dsi.gov.tr\/index.php\/wp-json\/wp\/v2\/comments?post=426"}],"version-history":[{"count":1,"href":"https:\/\/taskinmuzesi.dsi.gov.tr\/index.php\/wp-json\/wp\/v2\/pages\/426\/revisions"}],"predecessor-version":[{"id":662,"href":"https:\/\/taskinmuzesi.dsi.gov.tr\/index.php\/wp-json\/wp\/v2\/pages\/426\/revisions\/662"}],"wp:attachment":[{"href":"https:\/\/taskinmuzesi.dsi.gov.tr\/index.php\/wp-json\/wp\/v2\/media?parent=426"}],"curies":[{"name":"wp","href":"https:\/\/api.w.org\/{rel}","templated":true}]}}