{"id":428,"date":"2020-03-26T04:51:46","date_gmt":"2020-03-26T01:51:46","guid":{"rendered":"http:\/\/localhost\/wordpress\/?page_id=428"},"modified":"2020-04-15T00:47:36","modified_gmt":"2020-04-14T21:47:36","slug":"taskin-tehlike-haritasi","status":"publish","type":"page","link":"https:\/\/taskinmuzesi.dsi.gov.tr\/index.php\/taskin-tehlike-haritasi\/","title":{"rendered":"TA\u015eKIN TEHL\u0130KE HAR\u0130TASI"},"content":{"rendered":"\n<figure class=\"wp-block-image size-full\"><img loading=\"lazy\" decoding=\"async\" width=\"1918\" height=\"775\" src=\"https:\/\/taskinmuzesi.dsi.gov.tr\/wp-content\/uploads\/2020\/04\/mt04.jpg\" alt=\"\" class=\"wp-image-568\" srcset=\"https:\/\/taskinmuzesi.dsi.gov.tr\/wp-content\/uploads\/2020\/04\/mt04.jpg 1918w, https:\/\/taskinmuzesi.dsi.gov.tr\/wp-content\/uploads\/2020\/04\/mt04-300x121.jpg 300w, https:\/\/taskinmuzesi.dsi.gov.tr\/wp-content\/uploads\/2020\/04\/mt04-1024x414.jpg 1024w, https:\/\/taskinmuzesi.dsi.gov.tr\/wp-content\/uploads\/2020\/04\/mt04-768x310.jpg 768w, https:\/\/taskinmuzesi.dsi.gov.tr\/wp-content\/uploads\/2020\/04\/mt04-1536x621.jpg 1536w\" sizes=\"(max-width: 1918px) 100vw, 1918px\" \/><\/figure>\n\n\n\n<p>Eviniz g\u00fcvende mi? De\u011filse tedbirinizi al\u0131n !<\/p>\n\n\n\n<figure class=\"wp-block-gallery columns-3 is-cropped wp-block-gallery-1 is-layout-flex wp-block-gallery-is-layout-flex\"><ul class=\"blocks-gallery-grid\"><li class=\"blocks-gallery-item\"><figure><a href=\"https:\/\/taskinmuzesi.dsi.gov.tr\/wp-content\/uploads\/2020\/04\/TTH03.jpg\"><img loading=\"lazy\" decoding=\"async\" width=\"1024\" height=\"724\" src=\"https:\/\/taskinmuzesi.dsi.gov.tr\/wp-content\/uploads\/2020\/04\/TTH03-1024x724.jpg\" alt=\"\" data-id=\"739\" data-full-url=\"https:\/\/taskinmuzesi.dsi.gov.tr\/wp-content\/uploads\/2020\/04\/TTH03.jpg\" data-link=\"https:\/\/taskinmuzesi.dsi.gov.tr\/tth03\/\" class=\"wp-image-739\" srcset=\"https:\/\/taskinmuzesi.dsi.gov.tr\/wp-content\/uploads\/2020\/04\/TTH03-1024x724.jpg 1024w, https:\/\/taskinmuzesi.dsi.gov.tr\/wp-content\/uploads\/2020\/04\/TTH03-300x212.jpg 300w, https:\/\/taskinmuzesi.dsi.gov.tr\/wp-content\/uploads\/2020\/04\/TTH03-768x543.jpg 768w, https:\/\/taskinmuzesi.dsi.gov.tr\/wp-content\/uploads\/2020\/04\/TTH03-1536x1086.jpg 1536w, https:\/\/taskinmuzesi.dsi.gov.tr\/wp-content\/uploads\/2020\/04\/TTH03.jpg 1920w\" sizes=\"(max-width: 1024px) 100vw, 1024px\" \/><\/a><\/figure><\/li><li class=\"blocks-gallery-item\"><figure><a href=\"https:\/\/taskinmuzesi.dsi.gov.tr\/wp-content\/uploads\/2020\/04\/TTH02.jpg\"><img loading=\"lazy\" decoding=\"async\" width=\"1024\" height=\"724\" src=\"https:\/\/taskinmuzesi.dsi.gov.tr\/wp-content\/uploads\/2020\/04\/TTH02-1024x724.jpg\" alt=\"\" data-id=\"738\" data-full-url=\"https:\/\/taskinmuzesi.dsi.gov.tr\/wp-content\/uploads\/2020\/04\/TTH02.jpg\" data-link=\"https:\/\/taskinmuzesi.dsi.gov.tr\/tth02\/\" class=\"wp-image-738\" srcset=\"https:\/\/taskinmuzesi.dsi.gov.tr\/wp-content\/uploads\/2020\/04\/TTH02-1024x724.jpg 1024w, https:\/\/taskinmuzesi.dsi.gov.tr\/wp-content\/uploads\/2020\/04\/TTH02-300x212.jpg 300w, https:\/\/taskinmuzesi.dsi.gov.tr\/wp-content\/uploads\/2020\/04\/TTH02-768x543.jpg 768w, https:\/\/taskinmuzesi.dsi.gov.tr\/wp-content\/uploads\/2020\/04\/TTH02-1536x1086.jpg 1536w, https:\/\/taskinmuzesi.dsi.gov.tr\/wp-content\/uploads\/2020\/04\/TTH02.jpg 1920w\" sizes=\"(max-width: 1024px) 100vw, 1024px\" \/><\/a><\/figure><\/li><li class=\"blocks-gallery-item\"><figure><a href=\"https:\/\/taskinmuzesi.dsi.gov.tr\/wp-content\/uploads\/2020\/04\/TTH01.jpg\"><img loading=\"lazy\" decoding=\"async\" width=\"1024\" height=\"724\" src=\"https:\/\/taskinmuzesi.dsi.gov.tr\/wp-content\/uploads\/2020\/04\/TTH01-1024x724.jpg\" alt=\"\" data-id=\"737\" data-full-url=\"https:\/\/taskinmuzesi.dsi.gov.tr\/wp-content\/uploads\/2020\/04\/TTH01.jpg\" data-link=\"https:\/\/taskinmuzesi.dsi.gov.tr\/tth01\/\" class=\"wp-image-737\" srcset=\"https:\/\/taskinmuzesi.dsi.gov.tr\/wp-content\/uploads\/2020\/04\/TTH01-1024x724.jpg 1024w, https:\/\/taskinmuzesi.dsi.gov.tr\/wp-content\/uploads\/2020\/04\/TTH01-300x212.jpg 300w, https:\/\/taskinmuzesi.dsi.gov.tr\/wp-content\/uploads\/2020\/04\/TTH01-768x543.jpg 768w, https:\/\/taskinmuzesi.dsi.gov.tr\/wp-content\/uploads\/2020\/04\/TTH01-1536x1086.jpg 1536w, https:\/\/taskinmuzesi.dsi.gov.tr\/wp-content\/uploads\/2020\/04\/TTH01.jpg 1920w\" sizes=\"(max-width: 1024px) 100vw, 1024px\" \/><\/a><\/figure><\/li><\/ul><\/figure>\n","protected":false},"excerpt":{"rendered":"<p>Eviniz g\u00fcvende mi? De\u011filse tedbirinizi al\u0131n !<\/p>\n","protected":false},"author":1,"featured_media":0,"parent":0,"menu_order":0,"comment_status":"closed","ping_status":"closed","template":"","meta":{"footnotes":""},"_links":{"self":[{"href":"https:\/\/taskinmuzesi.dsi.gov.tr\/index.php\/wp-json\/wp\/v2\/pages\/428"}],"collection":[{"href":"https:\/\/taskinmuzesi.dsi.gov.tr\/index.php\/wp-json\/wp\/v2\/pages"}],"about":[{"href":"https:\/\/taskinmuzesi.dsi.gov.tr\/index.php\/wp-json\/wp\/v2\/types\/page"}],"author":[{"embeddable":true,"href":"https:\/\/taskinmuzesi.dsi.gov.tr\/index.php\/wp-json\/wp\/v2\/users\/1"}],"replies":[{"embeddable":true,"href":"https:\/\/taskinmuzesi.dsi.gov.tr\/index.php\/wp-json\/wp\/v2\/comments?post=428"}],"version-history":[{"count":4,"href":"https:\/\/taskinmuzesi.dsi.gov.tr\/index.php\/wp-json\/wp\/v2\/pages\/428\/revisions"}],"predecessor-version":[{"id":743,"href":"https:\/\/taskinmuzesi.dsi.gov.tr\/index.php\/wp-json\/wp\/v2\/pages\/428\/revisions\/743"}],"wp:attachment":[{"href":"https:\/\/taskinmuzesi.dsi.gov.tr\/index.php\/wp-json\/wp\/v2\/media?parent=428"}],"curies":[{"name":"wp","href":"https:\/\/api.w.org\/{rel}","templated":true}]}}