{"id":433,"date":"2020-03-26T04:52:50","date_gmt":"2020-03-26T01:52:50","guid":{"rendered":"http:\/\/localhost\/wordpress\/?page_id=432"},"modified":"2020-05-05T14:39:54","modified_gmt":"2020-05-05T11:39:54","slug":"rusubat-kontrol-tesisleri","status":"publish","type":"page","link":"https:\/\/taskinmuzesi.dsi.gov.tr\/index.php\/rusubat-kontrol-tesisleri\/","title":{"rendered":"RUSUBAT KONTROL TES\u0130SLER\u0130"},"content":{"rendered":"\n<figure class=\"wp-block-image size-full\"><img loading=\"lazy\" decoding=\"async\" width=\"1918\" height=\"775\" src=\"https:\/\/taskinmuzesi.dsi.gov.tr\/wp-content\/uploads\/2020\/05\/mt48.jpg\" alt=\"\" class=\"wp-image-1051\" srcset=\"https:\/\/taskinmuzesi.dsi.gov.tr\/wp-content\/uploads\/2020\/05\/mt48.jpg 1918w, https:\/\/taskinmuzesi.dsi.gov.tr\/wp-content\/uploads\/2020\/05\/mt48-300x121.jpg 300w, https:\/\/taskinmuzesi.dsi.gov.tr\/wp-content\/uploads\/2020\/05\/mt48-1024x414.jpg 1024w, https:\/\/taskinmuzesi.dsi.gov.tr\/wp-content\/uploads\/2020\/05\/mt48-768x310.jpg 768w, https:\/\/taskinmuzesi.dsi.gov.tr\/wp-content\/uploads\/2020\/05\/mt48-1536x621.jpg 1536w\" sizes=\"(max-width: 1918px) 100vw, 1918px\" \/><\/figure>\n\n\n\n<p class=\"has-medium-font-size\">Sadece duvar yapmak ta\u015fk\u0131n\u0131 \u00f6nlemez. \u00d6nce yukar\u0131 havza tedbiri almak gerekir.<\/p>\n\n\n\n<figure class=\"wp-block-image size-full\"><img loading=\"lazy\" decoding=\"async\" width=\"1918\" height=\"775\" src=\"https:\/\/taskinmuzesi.dsi.gov.tr\/wp-content\/uploads\/2020\/05\/mt49.jpg\" alt=\"\" class=\"wp-image-1052\" srcset=\"https:\/\/taskinmuzesi.dsi.gov.tr\/wp-content\/uploads\/2020\/05\/mt49.jpg 1918w, https:\/\/taskinmuzesi.dsi.gov.tr\/wp-content\/uploads\/2020\/05\/mt49-300x121.jpg 300w, https:\/\/taskinmuzesi.dsi.gov.tr\/wp-content\/uploads\/2020\/05\/mt49-1024x414.jpg 1024w, https:\/\/taskinmuzesi.dsi.gov.tr\/wp-content\/uploads\/2020\/05\/mt49-768x310.jpg 768w, https:\/\/taskinmuzesi.dsi.gov.tr\/wp-content\/uploads\/2020\/05\/mt49-1536x621.jpg 1536w\" sizes=\"(max-width: 1918px) 100vw, 1918px\" \/><\/figure>\n","protected":false},"excerpt":{"rendered":"<p>Sadece duvar yapmak ta\u015fk\u0131n\u0131 \u00f6nlemez. \u00d6nce yukar\u0131 havza tedbiri almak gerekir.<\/p>\n","protected":false},"author":1,"featured_media":0,"parent":0,"menu_order":0,"comment_status":"closed","ping_status":"closed","template":"","meta":{"footnotes":""},"_links":{"self":[{"href":"https:\/\/taskinmuzesi.dsi.gov.tr\/index.php\/wp-json\/wp\/v2\/pages\/433"}],"collection":[{"href":"https:\/\/taskinmuzesi.dsi.gov.tr\/index.php\/wp-json\/wp\/v2\/pages"}],"about":[{"href":"https:\/\/taskinmuzesi.dsi.gov.tr\/index.php\/wp-json\/wp\/v2\/types\/page"}],"author":[{"embeddable":true,"href":"https:\/\/taskinmuzesi.dsi.gov.tr\/index.php\/wp-json\/wp\/v2\/users\/1"}],"replies":[{"embeddable":true,"href":"https:\/\/taskinmuzesi.dsi.gov.tr\/index.php\/wp-json\/wp\/v2\/comments?post=433"}],"version-history":[{"count":2,"href":"https:\/\/taskinmuzesi.dsi.gov.tr\/index.php\/wp-json\/wp\/v2\/pages\/433\/revisions"}],"predecessor-version":[{"id":1076,"href":"https:\/\/taskinmuzesi.dsi.gov.tr\/index.php\/wp-json\/wp\/v2\/pages\/433\/revisions\/1076"}],"wp:attachment":[{"href":"https:\/\/taskinmuzesi.dsi.gov.tr\/index.php\/wp-json\/wp\/v2\/media?parent=433"}],"curies":[{"name":"wp","href":"https:\/\/api.w.org\/{rel}","templated":true}]}}