{"id":440,"date":"2020-03-26T04:54:23","date_gmt":"2020-03-26T01:54:23","guid":{"rendered":"http:\/\/localhost\/wordpress\/?page_id=440"},"modified":"2020-04-10T07:23:08","modified_gmt":"2020-04-10T04:23:08","slug":"teknik-bilgilendirme-bolumu","status":"publish","type":"page","link":"https:\/\/taskinmuzesi.dsi.gov.tr\/index.php\/teknik-bilgilendirme-bolumu\/","title":{"rendered":"TEKN\u0130K B\u0130LG\u0130LEND\u0130RME B\u00d6L\u00dcM\u00dc"},"content":{"rendered":"\n<figure class=\"wp-block-image size-full\"><img loading=\"lazy\" decoding=\"async\" width=\"1918\" height=\"775\" src=\"https:\/\/taskinmuzesi.dsi.gov.tr\/wp-content\/uploads\/2020\/04\/mt07.jpg\" alt=\"\" class=\"wp-image-571\" srcset=\"https:\/\/taskinmuzesi.dsi.gov.tr\/wp-content\/uploads\/2020\/04\/mt07.jpg 1918w, https:\/\/taskinmuzesi.dsi.gov.tr\/wp-content\/uploads\/2020\/04\/mt07-300x121.jpg 300w, https:\/\/taskinmuzesi.dsi.gov.tr\/wp-content\/uploads\/2020\/04\/mt07-1024x414.jpg 1024w, https:\/\/taskinmuzesi.dsi.gov.tr\/wp-content\/uploads\/2020\/04\/mt07-768x310.jpg 768w, https:\/\/taskinmuzesi.dsi.gov.tr\/wp-content\/uploads\/2020\/04\/mt07-1536x621.jpg 1536w\" sizes=\"(max-width: 1918px) 100vw, 1918px\" \/><\/figure>\n\n\n\n<p>DS\u0130 M\u00fchendisleri i\u00e7in a\u00e7\u0131k olan bu b\u00f6l\u00fcm\u00fcm\u00fczde say\u0131sal hidrolik modellemelerin ve ARGE \u00e7al\u0131\u015fmalar\u0131n\u0131n izlenmesi imkan\u0131 bulunmaktad\u0131r.<\/p>\n","protected":false},"excerpt":{"rendered":"<p>DS\u0130 M\u00fchendisleri i\u00e7in a\u00e7\u0131k olan bu b\u00f6l\u00fcm\u00fcm\u00fczde say\u0131sal hidrolik modellemelerin ve ARGE \u00e7al\u0131\u015fmalar\u0131n\u0131n izlenmesi imkan\u0131 bulunmaktad\u0131r.<\/p>\n","protected":false},"author":1,"featured_media":0,"parent":0,"menu_order":0,"comment_status":"closed","ping_status":"closed","template":"","meta":{"footnotes":""},"_links":{"self":[{"href":"https:\/\/taskinmuzesi.dsi.gov.tr\/index.php\/wp-json\/wp\/v2\/pages\/440"}],"collection":[{"href":"https:\/\/taskinmuzesi.dsi.gov.tr\/index.php\/wp-json\/wp\/v2\/pages"}],"about":[{"href":"https:\/\/taskinmuzesi.dsi.gov.tr\/index.php\/wp-json\/wp\/v2\/types\/page"}],"author":[{"embeddable":true,"href":"https:\/\/taskinmuzesi.dsi.gov.tr\/index.php\/wp-json\/wp\/v2\/users\/1"}],"replies":[{"embeddable":true,"href":"https:\/\/taskinmuzesi.dsi.gov.tr\/index.php\/wp-json\/wp\/v2\/comments?post=440"}],"version-history":[{"count":1,"href":"https:\/\/taskinmuzesi.dsi.gov.tr\/index.php\/wp-json\/wp\/v2\/pages\/440\/revisions"}],"predecessor-version":[{"id":690,"href":"https:\/\/taskinmuzesi.dsi.gov.tr\/index.php\/wp-json\/wp\/v2\/pages\/440\/revisions\/690"}],"wp:attachment":[{"href":"https:\/\/taskinmuzesi.dsi.gov.tr\/index.php\/wp-json\/wp\/v2\/media?parent=440"}],"curies":[{"name":"wp","href":"https:\/\/api.w.org\/{rel}","templated":true}]}}