{"id":445,"date":"2020-03-26T04:55:24","date_gmt":"2020-03-26T01:55:24","guid":{"rendered":"http:\/\/localhost\/wordpress\/?page_id=445"},"modified":"2020-05-05T14:31:02","modified_gmt":"2020-05-05T11:31:02","slug":"taskin-aninda-davranis","status":"publish","type":"page","link":"https:\/\/taskinmuzesi.dsi.gov.tr\/index.php\/taskin-aninda-davranis\/","title":{"rendered":"TA\u015eKIN ANINDA DAVRANI\u015e"},"content":{"rendered":"\n<figure class=\"wp-block-image size-large\"><img loading=\"lazy\" decoding=\"async\" width=\"1024\" height=\"414\" src=\"https:\/\/taskinmuzesi.dsi.gov.tr\/wp-content\/uploads\/2020\/05\/mt55-1024x414.jpg\" alt=\"\" class=\"wp-image-1058\" srcset=\"https:\/\/taskinmuzesi.dsi.gov.tr\/wp-content\/uploads\/2020\/05\/mt55-1024x414.jpg 1024w, https:\/\/taskinmuzesi.dsi.gov.tr\/wp-content\/uploads\/2020\/05\/mt55-300x121.jpg 300w, https:\/\/taskinmuzesi.dsi.gov.tr\/wp-content\/uploads\/2020\/05\/mt55-768x310.jpg 768w, https:\/\/taskinmuzesi.dsi.gov.tr\/wp-content\/uploads\/2020\/05\/mt55-1536x621.jpg 1536w, https:\/\/taskinmuzesi.dsi.gov.tr\/wp-content\/uploads\/2020\/05\/mt55.jpg 1918w\" sizes=\"(max-width: 1024px) 100vw, 1024px\" \/><\/figure>\n\n\n\n<p>M\u00fczemizde ta\u015fk\u0131n\u0131n sebepleri, olu\u015fum mekanizmas\u0131 ve tedbirlerini g\u00f6rd\u00fckten sonra, kendi alman\u0131z gereken \u00f6nlemlerinizi bu b\u00f6l\u00fcm\u00fcm\u00fczde anlataca\u011f\u0131z.<\/p>\n","protected":false},"excerpt":{"rendered":"<p>M\u00fczemizde ta\u015fk\u0131n\u0131n sebepleri, olu\u015fum mekanizmas\u0131 ve tedbirlerini g\u00f6rd\u00fckten sonra, kendi alman\u0131z gereken \u00f6nlemlerinizi bu b\u00f6l\u00fcm\u00fcm\u00fczde anlataca\u011f\u0131z.<\/p>\n","protected":false},"author":1,"featured_media":0,"parent":0,"menu_order":0,"comment_status":"closed","ping_status":"closed","template":"","meta":{"footnotes":""},"_links":{"self":[{"href":"https:\/\/taskinmuzesi.dsi.gov.tr\/index.php\/wp-json\/wp\/v2\/pages\/445"}],"collection":[{"href":"https:\/\/taskinmuzesi.dsi.gov.tr\/index.php\/wp-json\/wp\/v2\/pages"}],"about":[{"href":"https:\/\/taskinmuzesi.dsi.gov.tr\/index.php\/wp-json\/wp\/v2\/types\/page"}],"author":[{"embeddable":true,"href":"https:\/\/taskinmuzesi.dsi.gov.tr\/index.php\/wp-json\/wp\/v2\/users\/1"}],"replies":[{"embeddable":true,"href":"https:\/\/taskinmuzesi.dsi.gov.tr\/index.php\/wp-json\/wp\/v2\/comments?post=445"}],"version-history":[{"count":2,"href":"https:\/\/taskinmuzesi.dsi.gov.tr\/index.php\/wp-json\/wp\/v2\/pages\/445\/revisions"}],"predecessor-version":[{"id":1069,"href":"https:\/\/taskinmuzesi.dsi.gov.tr\/index.php\/wp-json\/wp\/v2\/pages\/445\/revisions\/1069"}],"wp:attachment":[{"href":"https:\/\/taskinmuzesi.dsi.gov.tr\/index.php\/wp-json\/wp\/v2\/media?parent=445"}],"curies":[{"name":"wp","href":"https:\/\/api.w.org\/{rel}","templated":true}]}}