{"id":451,"date":"2020-03-26T04:56:32","date_gmt":"2020-03-26T01:56:32","guid":{"rendered":"http:\/\/localhost\/wordpress\/?page_id=451"},"modified":"2020-04-10T06:47:20","modified_gmt":"2020-04-10T03:47:20","slug":"bekleme-salonu-ve-hatira-fotografi-kosesi","status":"publish","type":"page","link":"https:\/\/taskinmuzesi.dsi.gov.tr\/index.php\/bekleme-salonu-ve-hatira-fotografi-kosesi\/","title":{"rendered":"BEKLEME SALONU VE HATIRA FOTO\u011eRAFI K\u00d6\u015eES\u0130"},"content":{"rendered":"\n<figure class=\"wp-block-image size-full\"><img loading=\"lazy\" decoding=\"async\" width=\"1918\" height=\"775\" src=\"https:\/\/taskinmuzesi.dsi.gov.tr\/wp-content\/uploads\/2020\/04\/mt06.jpg\" alt=\"\" class=\"wp-image-570\" srcset=\"https:\/\/taskinmuzesi.dsi.gov.tr\/wp-content\/uploads\/2020\/04\/mt06.jpg 1918w, https:\/\/taskinmuzesi.dsi.gov.tr\/wp-content\/uploads\/2020\/04\/mt06-300x121.jpg 300w, https:\/\/taskinmuzesi.dsi.gov.tr\/wp-content\/uploads\/2020\/04\/mt06-1024x414.jpg 1024w, https:\/\/taskinmuzesi.dsi.gov.tr\/wp-content\/uploads\/2020\/04\/mt06-768x310.jpg 768w, https:\/\/taskinmuzesi.dsi.gov.tr\/wp-content\/uploads\/2020\/04\/mt06-1536x621.jpg 1536w\" sizes=\"(max-width: 1918px) 100vw, 1918px\" \/><\/figure>\n\n\n\n<div class=\"wp-block-image\"><figure class=\"alignleft size-large\"><img decoding=\"async\" src=\"http:\/\/10.61.1.129\/wordpress\/wp-content\/uploads\/2020\/03\/mr01.jpg\" alt=\"\" class=\"wp-image-513\"\/><\/figure><\/div>\n\n\n\n<p>Koltuklar\u0131m\u0131zda dinlenirken, M\u00fcze hat\u0131ras\u0131 foto\u011fraflar\u0131n\u0131z\u0131 \u00e7ekmeyi unutmay\u0131n.<\/p>\n","protected":false},"excerpt":{"rendered":"<p>Koltuklar\u0131m\u0131zda dinlenirken, M\u00fcze hat\u0131ras\u0131 foto\u011fraflar\u0131n\u0131z\u0131 \u00e7ekmeyi unutmay\u0131n.<\/p>\n","protected":false},"author":1,"featured_media":0,"parent":0,"menu_order":0,"comment_status":"closed","ping_status":"closed","template":"","meta":{"footnotes":""},"_links":{"self":[{"href":"https:\/\/taskinmuzesi.dsi.gov.tr\/index.php\/wp-json\/wp\/v2\/pages\/451"}],"collection":[{"href":"https:\/\/taskinmuzesi.dsi.gov.tr\/index.php\/wp-json\/wp\/v2\/pages"}],"about":[{"href":"https:\/\/taskinmuzesi.dsi.gov.tr\/index.php\/wp-json\/wp\/v2\/types\/page"}],"author":[{"embeddable":true,"href":"https:\/\/taskinmuzesi.dsi.gov.tr\/index.php\/wp-json\/wp\/v2\/users\/1"}],"replies":[{"embeddable":true,"href":"https:\/\/taskinmuzesi.dsi.gov.tr\/index.php\/wp-json\/wp\/v2\/comments?post=451"}],"version-history":[{"count":1,"href":"https:\/\/taskinmuzesi.dsi.gov.tr\/index.php\/wp-json\/wp\/v2\/pages\/451\/revisions"}],"predecessor-version":[{"id":640,"href":"https:\/\/taskinmuzesi.dsi.gov.tr\/index.php\/wp-json\/wp\/v2\/pages\/451\/revisions\/640"}],"wp:attachment":[{"href":"https:\/\/taskinmuzesi.dsi.gov.tr\/index.php\/wp-json\/wp\/v2\/media?parent=451"}],"curies":[{"name":"wp","href":"https:\/\/api.w.org\/{rel}","templated":true}]}}