{"id":469,"date":"2020-03-30T02:23:03","date_gmt":"2020-03-29T23:23:03","guid":{"rendered":"http:\/\/10.61.1.129\/wordpress\/?page_id=469"},"modified":"2020-04-18T13:28:20","modified_gmt":"2020-04-18T10:28:20","slug":"muzede-egitim","status":"publish","type":"page","link":"https:\/\/taskinmuzesi.dsi.gov.tr\/index.php\/muzede-egitim\/","title":{"rendered":"M\u00fczede E\u011fitim"},"content":{"rendered":"\n<figure class=\"wp-block-image size-full\"><img loading=\"lazy\" decoding=\"async\" width=\"1918\" height=\"775\" src=\"https:\/\/taskinmuzesi.dsi.gov.tr\/wp-content\/uploads\/2020\/04\/Egitim01.jpg\" alt=\"\" class=\"wp-image-548\" srcset=\"https:\/\/taskinmuzesi.dsi.gov.tr\/wp-content\/uploads\/2020\/04\/Egitim01.jpg 1918w, https:\/\/taskinmuzesi.dsi.gov.tr\/wp-content\/uploads\/2020\/04\/Egitim01-300x121.jpg 300w, https:\/\/taskinmuzesi.dsi.gov.tr\/wp-content\/uploads\/2020\/04\/Egitim01-1024x414.jpg 1024w, https:\/\/taskinmuzesi.dsi.gov.tr\/wp-content\/uploads\/2020\/04\/Egitim01-768x310.jpg 768w, https:\/\/taskinmuzesi.dsi.gov.tr\/wp-content\/uploads\/2020\/04\/Egitim01-1536x621.jpg 1536w\" sizes=\"(max-width: 1918px) 100vw, 1918px\" \/><\/figure>\n\n\n\n<p class=\"has-medium-font-size\">  <strong>\u0130<\/strong>lk ve Ortaokul d\u00fczeyinde gen\u00e7lerimiz ba\u015fta olmak \u00fczere; Ya\u015fad\u0131\u011f\u0131m\u0131z d\u00fcnya \u00fczerinde su ve sudan kaynakl\u0131 do\u011fa olaylar\u0131na ve dere yataklar\u0131na yap\u0131lan m\u00fcdahaleler sonucu ya\u015fanan ta\u015fk\u0131nlar ve al\u0131nacak \u00f6nlemler, ta\u015fk\u0131n zararlar\u0131ndan en az etkilenmeye y\u00f6nelik bilincin olu\u015fmas\u0131 hedeflenmektedir.<\/p>\n\n\n\n<p class=\"has-medium-font-size\">  <strong>M<\/strong>\u00fczedeki gezilerimiz teknik elemanlar\u0131m\u0131z\u0131n rehberli e\u015fli\u011finde anlat\u0131ml\u0131 olarak ger\u00e7ekle\u015ftirilecektir.<br><br> Aktivitelerimiz farkl\u0131 ya\u015f gruplar\u0131na g\u00f6re kategorize edilmektedir. <\/p>\n\n\n\n<p class=\"has-medium-font-size\">  <strong>T<\/strong>eknik Gezi: Rize ili G\u00fcneysu il\u00e7esinde \u00fclkemizde ilk defa hayata ge\u00e7irilen ge\u00e7irgen tersip bentleri ve moloz bariyeri ile Trabzon ili Solakl\u0131 il\u00e7esindeki Rekreasyon alan\u0131n\u0131 ziyaret etmenizi tavsiye ederiz. Konuyla ilgili m\u00fcracaatta bulunman\u0131z halinde rehber deste\u011fi sa\u011flanacakt\u0131r.<\/p>\n","protected":false},"excerpt":{"rendered":"<p>\u0130lk ve Ortaokul d\u00fczeyinde gen\u00e7lerimiz ba\u015fta olmak \u00fczere; Ya\u015fad\u0131\u011f\u0131m\u0131z d\u00fcnya \u00fczerinde su ve sudan kaynakl\u0131 do\u011fa olaylar\u0131na ve dere yataklar\u0131na yap\u0131lan m\u00fcdahaleler sonucu ya\u015fanan ta\u015fk\u0131nlar ve al\u0131nacak \u00f6nlemler, ta\u015fk\u0131n zararlar\u0131ndan en az etkilenmeye y\u00f6nelik bilincin olu\u015fmas\u0131 hedeflenmektedir. M\u00fczedeki gezilerimiz teknik elemanlar\u0131m\u0131z\u0131n rehberli e\u015fli\u011finde anlat\u0131ml\u0131 olarak ger\u00e7ekle\u015ftirilecektir. Aktivitelerimiz farkl\u0131 ya\u015f gruplar\u0131na g\u00f6re kategorize edilmektedir. Teknik Gezi: [&hellip;]<\/p>\n","protected":false},"author":1,"featured_media":0,"parent":0,"menu_order":0,"comment_status":"closed","ping_status":"closed","template":"","meta":{"footnotes":""},"_links":{"self":[{"href":"https:\/\/taskinmuzesi.dsi.gov.tr\/index.php\/wp-json\/wp\/v2\/pages\/469"}],"collection":[{"href":"https:\/\/taskinmuzesi.dsi.gov.tr\/index.php\/wp-json\/wp\/v2\/pages"}],"about":[{"href":"https:\/\/taskinmuzesi.dsi.gov.tr\/index.php\/wp-json\/wp\/v2\/types\/page"}],"author":[{"embeddable":true,"href":"https:\/\/taskinmuzesi.dsi.gov.tr\/index.php\/wp-json\/wp\/v2\/users\/1"}],"replies":[{"embeddable":true,"href":"https:\/\/taskinmuzesi.dsi.gov.tr\/index.php\/wp-json\/wp\/v2\/comments?post=469"}],"version-history":[{"count":2,"href":"https:\/\/taskinmuzesi.dsi.gov.tr\/index.php\/wp-json\/wp\/v2\/pages\/469\/revisions"}],"predecessor-version":[{"id":796,"href":"https:\/\/taskinmuzesi.dsi.gov.tr\/index.php\/wp-json\/wp\/v2\/pages\/469\/revisions\/796"}],"wp:attachment":[{"href":"https:\/\/taskinmuzesi.dsi.gov.tr\/index.php\/wp-json\/wp\/v2\/media?parent=469"}],"curies":[{"name":"wp","href":"https:\/\/api.w.org\/{rel}","templated":true}]}}