{"id":814,"date":"2020-04-19T21:52:16","date_gmt":"2020-04-19T18:52:16","guid":{"rendered":"http:\/\/taskinmuzesi.dsi.gov.tr\/?page_id=814"},"modified":"2020-04-19T21:52:51","modified_gmt":"2020-04-19T18:52:51","slug":"ulasim","status":"publish","type":"page","link":"https:\/\/taskinmuzesi.dsi.gov.tr\/index.php\/ulasim\/","title":{"rendered":"ULA\u015eIM"},"content":{"rendered":"\n<p class=\"has-medium-font-size\">   <strong>\u0130<\/strong>nteraktif Ta\u015fk\u0131n M\u00fczesi DS\u0130 22. B\u00f6lge Kamp\u00fcs alan\u0131 i\u00e7inde olup, Trabzon\u015eehir merkezine 13 km, hava alan\u0131na ise 8 km mesafededir. <br><strong>   \u015e<\/strong>ehir merkezinden dolmu\u015f minib\u00fcs ve  otob\u00fcs seferleri bulunmaktad\u0131r.<\/p>\n\n\n\n<figure class=\"wp-block-image size-full\"><img loading=\"lazy\" decoding=\"async\" width=\"2560\" height=\"1034\" src=\"https:\/\/taskinmuzesi.dsi.gov.tr\/wp-content\/uploads\/2020\/04\/yol_tarifi-scaled.jpg\" alt=\"\" class=\"wp-image-815\" srcset=\"https:\/\/taskinmuzesi.dsi.gov.tr\/wp-content\/uploads\/2020\/04\/yol_tarifi-scaled.jpg 2560w, https:\/\/taskinmuzesi.dsi.gov.tr\/wp-content\/uploads\/2020\/04\/yol_tarifi-300x121.jpg 300w, https:\/\/taskinmuzesi.dsi.gov.tr\/wp-content\/uploads\/2020\/04\/yol_tarifi-1024x414.jpg 1024w, https:\/\/taskinmuzesi.dsi.gov.tr\/wp-content\/uploads\/2020\/04\/yol_tarifi-768x310.jpg 768w, https:\/\/taskinmuzesi.dsi.gov.tr\/wp-content\/uploads\/2020\/04\/yol_tarifi-1536x620.jpg 1536w, https:\/\/taskinmuzesi.dsi.gov.tr\/wp-content\/uploads\/2020\/04\/yol_tarifi-2048x827.jpg 2048w\" sizes=\"(max-width: 2560px) 100vw, 2560px\" \/><\/figure>\n","protected":false},"excerpt":{"rendered":"<p>\u0130nteraktif Ta\u015fk\u0131n M\u00fczesi DS\u0130 22. B\u00f6lge Kamp\u00fcs alan\u0131 i\u00e7inde olup, Trabzon\u015eehir merkezine 13 km, hava alan\u0131na ise 8 km mesafededir. \u015eehir merkezinden dolmu\u015f minib\u00fcs ve otob\u00fcs seferleri bulunmaktad\u0131r.<\/p>\n","protected":false},"author":1,"featured_media":0,"parent":0,"menu_order":0,"comment_status":"closed","ping_status":"closed","template":"","meta":{"footnotes":""},"_links":{"self":[{"href":"https:\/\/taskinmuzesi.dsi.gov.tr\/index.php\/wp-json\/wp\/v2\/pages\/814"}],"collection":[{"href":"https:\/\/taskinmuzesi.dsi.gov.tr\/index.php\/wp-json\/wp\/v2\/pages"}],"about":[{"href":"https:\/\/taskinmuzesi.dsi.gov.tr\/index.php\/wp-json\/wp\/v2\/types\/page"}],"author":[{"embeddable":true,"href":"https:\/\/taskinmuzesi.dsi.gov.tr\/index.php\/wp-json\/wp\/v2\/users\/1"}],"replies":[{"embeddable":true,"href":"https:\/\/taskinmuzesi.dsi.gov.tr\/index.php\/wp-json\/wp\/v2\/comments?post=814"}],"version-history":[{"count":1,"href":"https:\/\/taskinmuzesi.dsi.gov.tr\/index.php\/wp-json\/wp\/v2\/pages\/814\/revisions"}],"predecessor-version":[{"id":816,"href":"https:\/\/taskinmuzesi.dsi.gov.tr\/index.php\/wp-json\/wp\/v2\/pages\/814\/revisions\/816"}],"wp:attachment":[{"href":"https:\/\/taskinmuzesi.dsi.gov.tr\/index.php\/wp-json\/wp\/v2\/media?parent=814"}],"curies":[{"name":"wp","href":"https:\/\/api.w.org\/{rel}","templated":true}]}}