{"id":829,"date":"2020-04-21T15:44:15","date_gmt":"2020-04-21T12:44:15","guid":{"rendered":"http:\/\/taskinmuzesi.dsi.gov.tr\/?page_id=829"},"modified":"2020-04-22T14:32:26","modified_gmt":"2020-04-22T11:32:26","slug":"taskin-muzesi-boyama-kitabi","status":"publish","type":"page","link":"https:\/\/taskinmuzesi.dsi.gov.tr\/index.php\/taskin-muzesi-boyama-kitabi\/","title":{"rendered":"Ta\u015fk\u0131n M\u00fczesi Boyama Kitab\u0131"},"content":{"rendered":"\n<p class=\"has-text-color has-text-align-center has-medium-font-size has-vivid-red-color\"><br>Ta\u015fk\u0131n M\u00fczesi Boyama kitab\u0131n\u0131 indirmek i\u00e7in <a class=\"hvr-float-shadow\" aria-label=\"buraya t\u0131klay\u0131n\u0131z (yeni sekmede a\u00e7\u0131l\u0131r)\" href=\"\/boyama.pdf\" target=\"_blank\" rel=\"noreferrer noopener\"><strong>buraya t\u0131klay\u0131n\u0131z<\/strong><\/a>..!<br><br><\/p>\n\n\n\n<div class=\"_df_book df-lite\" id=\"df_836\"  data-title=\"taskin-muzesi-boyama-kitabi\" _slug=\"taskin-muzesi-boyama-kitabi\" wpoptions=\"true\" thumbtype=\"\" ><\/div><script class=\"df-shortcode-script\" type=\"application\/javascript\">window.option_df_836 = {\"outline\":[],\"autoEnableOutline\":\"false\",\"autoEnableThumbnail\":\"false\",\"overwritePDFOutline\":\"false\",\"direction\":\"1\",\"pageMode\":\"0\",\"source\":\"http:\\\/\\\/taskinmuzesi.dsi.gov.tr\\\/wp-content\\\/uploads\\\/2020\\\/04\\\/boyama-1.pdf\",\"wpOptions\":\"true\"}; if(window.DFLIP && window.DFLIP.parseBooks){window.DFLIP.parseBooks();}<\/script>\n","protected":false},"excerpt":{"rendered":"<p>Ta\u015fk\u0131n M\u00fczesi Boyama kitab\u0131n\u0131 indirmek i\u00e7in buraya t\u0131klay\u0131n\u0131z..!<\/p>\n","protected":false},"author":1,"featured_media":0,"parent":0,"menu_order":0,"comment_status":"closed","ping_status":"closed","template":"","meta":{"footnotes":""},"_links":{"self":[{"href":"https:\/\/taskinmuzesi.dsi.gov.tr\/index.php\/wp-json\/wp\/v2\/pages\/829"}],"collection":[{"href":"https:\/\/taskinmuzesi.dsi.gov.tr\/index.php\/wp-json\/wp\/v2\/pages"}],"about":[{"href":"https:\/\/taskinmuzesi.dsi.gov.tr\/index.php\/wp-json\/wp\/v2\/types\/page"}],"author":[{"embeddable":true,"href":"https:\/\/taskinmuzesi.dsi.gov.tr\/index.php\/wp-json\/wp\/v2\/users\/1"}],"replies":[{"embeddable":true,"href":"https:\/\/taskinmuzesi.dsi.gov.tr\/index.php\/wp-json\/wp\/v2\/comments?post=829"}],"version-history":[{"count":11,"href":"https:\/\/taskinmuzesi.dsi.gov.tr\/index.php\/wp-json\/wp\/v2\/pages\/829\/revisions"}],"predecessor-version":[{"id":863,"href":"https:\/\/taskinmuzesi.dsi.gov.tr\/index.php\/wp-json\/wp\/v2\/pages\/829\/revisions\/863"}],"wp:attachment":[{"href":"https:\/\/taskinmuzesi.dsi.gov.tr\/index.php\/wp-json\/wp\/v2\/media?parent=829"}],"curies":[{"name":"wp","href":"https:\/\/api.w.org\/{rel}","templated":true}]}}