{"id":847,"date":"2020-04-21T15:56:15","date_gmt":"2020-04-21T12:56:15","guid":{"rendered":"http:\/\/taskinmuzesi.dsi.gov.tr\/?page_id=847"},"modified":"2020-04-21T16:00:22","modified_gmt":"2020-04-21T13:00:22","slug":"kubi","status":"publish","type":"page","link":"https:\/\/taskinmuzesi.dsi.gov.tr\/index.php\/kubi\/","title":{"rendered":"KUB\u0130"},"content":{"rendered":"\n<figure class=\"wp-block-image size-full\"><img loading=\"lazy\" decoding=\"async\" width=\"1918\" height=\"775\" src=\"https:\/\/taskinmuzesi.dsi.gov.tr\/wp-content\/uploads\/2020\/04\/mt22.jpg\" alt=\"\" class=\"wp-image-586\" srcset=\"https:\/\/taskinmuzesi.dsi.gov.tr\/wp-content\/uploads\/2020\/04\/mt22.jpg 1918w, https:\/\/taskinmuzesi.dsi.gov.tr\/wp-content\/uploads\/2020\/04\/mt22-300x121.jpg 300w, https:\/\/taskinmuzesi.dsi.gov.tr\/wp-content\/uploads\/2020\/04\/mt22-1024x414.jpg 1024w, https:\/\/taskinmuzesi.dsi.gov.tr\/wp-content\/uploads\/2020\/04\/mt22-768x310.jpg 768w, https:\/\/taskinmuzesi.dsi.gov.tr\/wp-content\/uploads\/2020\/04\/mt22-1536x621.jpg 1536w\" sizes=\"(max-width: 1918px) 100vw, 1918px\" \/><\/figure>\n\n\n\n<p class=\"has-medium-font-size\">Kunduz,  su k\u0131y\u0131lar\u0131nda ya\u015fayan ve a\u011fa\u00e7lar\u0131 kemirerek beslenen kunduzgiller familyas\u0131n\u0131n ortak ad\u0131d\u0131r.<br>     Akarsularda suyun \u00f6n\u00fcn\u00fc keserek baraj olu\u015fturan, sonra da  yuvalar\u0131n\u0131 in\u015fa eden kunduzlar; bir\u00e7ok alanda do\u011fadan esinlenen insano\u011fluna, barajlar\u0131n yap\u0131m\u0131nda  ilham kayna\u011f\u0131 olmu\u015ftur.<br>     Kunduzlar nerelere su bentlerini in\u015fa edecekleri konusunda olduk\u00e7a uzmand\u0131rlar ve genellikle su ak\u0131\u015f\u0131n\u0131n e\u011fimli oldu\u011fu yerleri se\u00e7erler.    <br>     Baz\u0131 biyologlar b\u00fcy\u00fck drenaj alan\u0131 boyunca kunduz setlerinin felaketlere yol a\u00e7an su ta\u015fk\u0131nlar\u0131n\u0131n \u00f6n\u00fcne ge\u00e7eceklerini savunmaktad\u0131rlar.<br>     Bu anlamda Ta\u015fk\u0131n m\u00fczesi karakteri olarak, do\u011fadaki m\u00fchendis kunduz se\u00e7ilmi\u015f ve  Kunduz bilge olarak anlamland\u0131r\u0131larak, KUB\u0130 olarak adland\u0131r\u0131lm\u0131\u015ft\u0131r.<br><\/p>\n\n\n\n<figure class=\"wp-block-image size-full\"><img loading=\"lazy\" decoding=\"async\" width=\"1918\" height=\"775\" src=\"https:\/\/taskinmuzesi.dsi.gov.tr\/wp-content\/uploads\/2020\/04\/Kunduz01.jpg\" alt=\"\" class=\"wp-image-554\" srcset=\"https:\/\/taskinmuzesi.dsi.gov.tr\/wp-content\/uploads\/2020\/04\/Kunduz01.jpg 1918w, https:\/\/taskinmuzesi.dsi.gov.tr\/wp-content\/uploads\/2020\/04\/Kunduz01-300x121.jpg 300w, https:\/\/taskinmuzesi.dsi.gov.tr\/wp-content\/uploads\/2020\/04\/Kunduz01-1024x414.jpg 1024w, https:\/\/taskinmuzesi.dsi.gov.tr\/wp-content\/uploads\/2020\/04\/Kunduz01-768x310.jpg 768w, https:\/\/taskinmuzesi.dsi.gov.tr\/wp-content\/uploads\/2020\/04\/Kunduz01-1536x621.jpg 1536w\" sizes=\"(max-width: 1918px) 100vw, 1918px\" \/><\/figure>\n\n\n\n<p><br><\/p>\n\n\n\n<p><\/p>\n","protected":false},"excerpt":{"rendered":"<p>Kunduz, su k\u0131y\u0131lar\u0131nda ya\u015fayan ve a\u011fa\u00e7lar\u0131 kemirerek beslenen kunduzgiller familyas\u0131n\u0131n ortak ad\u0131d\u0131r. Akarsularda suyun \u00f6n\u00fcn\u00fc keserek baraj olu\u015fturan, sonra da yuvalar\u0131n\u0131 in\u015fa eden kunduzlar; bir\u00e7ok alanda do\u011fadan esinlenen insano\u011fluna, barajlar\u0131n yap\u0131m\u0131nda ilham kayna\u011f\u0131 olmu\u015ftur. Kunduzlar nerelere su bentlerini in\u015fa edecekleri konusunda olduk\u00e7a uzmand\u0131rlar ve genellikle su ak\u0131\u015f\u0131n\u0131n e\u011fimli oldu\u011fu yerleri se\u00e7erler. Baz\u0131 biyologlar b\u00fcy\u00fck drenaj [&hellip;]<\/p>\n","protected":false},"author":1,"featured_media":0,"parent":0,"menu_order":0,"comment_status":"closed","ping_status":"closed","template":"","meta":{"footnotes":""},"_links":{"self":[{"href":"https:\/\/taskinmuzesi.dsi.gov.tr\/index.php\/wp-json\/wp\/v2\/pages\/847"}],"collection":[{"href":"https:\/\/taskinmuzesi.dsi.gov.tr\/index.php\/wp-json\/wp\/v2\/pages"}],"about":[{"href":"https:\/\/taskinmuzesi.dsi.gov.tr\/index.php\/wp-json\/wp\/v2\/types\/page"}],"author":[{"embeddable":true,"href":"https:\/\/taskinmuzesi.dsi.gov.tr\/index.php\/wp-json\/wp\/v2\/users\/1"}],"replies":[{"embeddable":true,"href":"https:\/\/taskinmuzesi.dsi.gov.tr\/index.php\/wp-json\/wp\/v2\/comments?post=847"}],"version-history":[{"count":2,"href":"https:\/\/taskinmuzesi.dsi.gov.tr\/index.php\/wp-json\/wp\/v2\/pages\/847\/revisions"}],"predecessor-version":[{"id":851,"href":"https:\/\/taskinmuzesi.dsi.gov.tr\/index.php\/wp-json\/wp\/v2\/pages\/847\/revisions\/851"}],"wp:attachment":[{"href":"https:\/\/taskinmuzesi.dsi.gov.tr\/index.php\/wp-json\/wp\/v2\/media?parent=847"}],"curies":[{"name":"wp","href":"https:\/\/api.w.org\/{rel}","templated":true}]}}